{"id":3010,"date":"2021-06-02T10:23:22","date_gmt":"2021-06-02T08:23:22","guid":{"rendered":"https:\/\/www.verbandssoftware.online\/?page_id=3010"},"modified":"2025-10-21T14:34:23","modified_gmt":"2025-10-21T12:34:23","slug":"verband-und-gremien","status":"publish","type":"page","link":"https:\/\/www.verbandssoftware.online\/en\/verband-und-gremien\/","title":{"rendered":"Organization Management"},"content":{"rendered":"<div class=\"wpb-content-wrapper\"><section class=\"vc_section page-2-subpages row-1 vc_custom_1699029578562 vc_section-has-fill\">    <section class=\"container-wrap  row-1-content main-color\" style=\"\" >\n\t\t<div class=\"section-container container\">\n\t\t\t<div class=\"vc_row wpb_row vc_row-fluid row\">\n\t\t\t\t<div class=\"wpb_column vc_column_container vc_col-sm-12\">\n    <div class=\"vc_column-inner\">\n        <div class=\"wpb_wrapper\">\n                <h1  style=\"font-size: 40px;color: #f7b50f;line-height: 50px;text-align: left\" data-uid=\"\" class=\"vc_custom_heading hintergrund\" id=\"\">\n        Organization Management    <\/h1>\n            <\/div>\n    <\/div>\n<\/div>\n\t\t\t<\/div>\n        <\/div>\n            <\/section>\n<\/section><section class=\"vc_section page-2-subpages image-text-column vc_custom_1624980171645 vc_section-has-fill\">    <section class=\"container-wrap  image-text-column-1 main-color\" style=\"\" >\n\t\t<div class=\"section-container container\">\n\t\t\t<div class=\"vc_row wpb_row vc_row-fluid row\">\n\t\t\t\t<div class=\"wpb_animate_when_almost_visible wpb_fadeInLeft fadeInLeft wpb_column vc_column_container vc_col-sm-6 vc_col-has-fill\">\n    <div class=\"vc_column-inner vc_custom_1642064878511\">\n        <div class=\"wpb_wrapper\">\n            <div class=\"wpb_single_image wpb_content_element vc_align_center  image\">\n\t\t<figure class=\"wpb_wrapper vc_figure\">\n\t\t\t\t\t<a rel=\"prettyPhoto[rel-3010-487173963]\" href=\"https:\/\/www.verbandssoftware.online\/wp-content\/uploads\/2022\/01\/Finanzmanagement-2048x1313.png\" target=\"_self\" class=\"vc_single_image-wrapper   vc_box_border_grey prettyphoto\">\n\t\t\t\t<img loading=\"lazy\" decoding=\"async\" width=\"3840\" height=\"2461\" src=\"https:\/\/www.verbandssoftware.online\/wp-content\/uploads\/2022\/01\/Finanzmanagement.png\" class=\"vc_single_image-img attachment-full\" alt=\"Finanzmanagement\" title=\"Finance Management\" \/>\t\t\t<\/a>\n\t\t\t\t\t\t<\/figure>\n<\/div>\n        <\/div>\n    <\/div>\n<\/div>\n<div class=\"wpb_animate_when_almost_visible wpb_fadeInRight fadeInRight wpb_column vc_column_container vc_col-sm-6\">\n    <div class=\"vc_column-inner\">\n        <div class=\"wpb_wrapper\">\n            <div class=\"kleo_text_column wpb_text_column wpb_content_element  vc_custom_1734519772943 text\"  style=\" font-size:22px; line-height:36px;\">\n    <div class=\"wpb_wrapper\">\n        <p><span style=\"color: #3c3c3c;\"><strong>Finance Management<\/strong><\/span><\/p>\n<ul>\n<li>Manage your invoices with <a href=\"http:\/\/en.i-taros.com\">i-taros<\/a>, including the calculation of various membership fees. Create one-time or recurring invoices for members according to the services they use.<\/li>\n<li><span style=\"color: #f7b50f;\"><strong>Create invoices<\/strong><\/span> based on SEPA Direct Debit <span style=\"color: #f7b50f;\"><strong>as PDF<\/strong><\/span> directly from the web interface or automatically via invoice runs.<\/li>\n<li>Digitize your accounting and payment transactions through integration with your accounting software.<\/li>\n<\/ul>\n    <\/div>\n<\/div>\n        <\/div>\n    <\/div>\n<\/div>\n\t\t\t<\/div>\n        <\/div>\n            <\/section>\n<\/section><section class=\"vc_section page-2-subpages image-text-column\">    <section class=\"container-wrap  image-text-column-2 main-color\" style=\"\" >\n\t\t<div class=\"section-container container\">\n\t\t\t<div class=\"vc_row wpb_row vc_row-fluid row\">\n\t\t\t\t<div class=\"wpb_animate_when_almost_visible wpb_fadeInLeft fadeInLeft wpb_column vc_column_container vc_col-sm-6\">\n    <div class=\"vc_column-inner vc_custom_1642064900839\">\n        <div class=\"wpb_wrapper\">\n            <div class=\"kleo_text_column wpb_text_column wpb_content_element  vc_custom_1734519785498 text\"  style=\" font-size:22px; line-height:36px;\">\n    <div class=\"wpb_wrapper\">\n        <p><span style=\"color: #3c3c3c;\"><strong>HR Management<\/strong><\/span><\/p>\n<ul>\n<li><span style=\"color: #f7b50f;\"><strong>Manage all employee data with <a href=\"http:\/\/en.i-taros.com\">i-taros<\/a>, incl. vacation accounts<\/strong><\/span> etc. and digitize your HR management processes, e.g. for vacation requests and sick leave notifications.<\/li>\n<li>Create job postings, display them on your website, and manage applications and applicants.<\/li>\n<li>Support your corporate members by posting jobs on your portal, so they reach a wider audience.<\/li>\n<\/ul>\n    <\/div>\n<\/div>\n        <\/div>\n    <\/div>\n<\/div>\n<div class=\"wpb_animate_when_almost_visible wpb_fadeInRight fadeInRight wpb_column vc_column_container vc_col-sm-6\">\n    <div class=\"vc_column-inner\">\n        <div class=\"wpb_wrapper\">\n            <div class=\"wpb_single_image wpb_content_element vc_align_left  image\">\n\t\t<figure class=\"wpb_wrapper vc_figure\">\n\t\t\t\t\t<a rel=\"prettyPhoto[rel-3010-418619734]\" href=\"https:\/\/www.verbandssoftware.online\/wp-content\/uploads\/2022\/01\/Personalverwaltung-2048x1314.png\" target=\"_self\" class=\"vc_single_image-wrapper   vc_box_border_grey prettyphoto\">\n\t\t\t\t<img loading=\"lazy\" decoding=\"async\" width=\"3840\" height=\"2463\" src=\"https:\/\/www.verbandssoftware.online\/wp-content\/uploads\/2022\/01\/Personalverwaltung.png\" class=\"vc_single_image-img attachment-full\" alt=\"Personalverwaltung\" title=\"HR Management\" \/>\t\t\t<\/a>\n\t\t\t\t\t\t<\/figure>\n<\/div>\n        <\/div>\n    <\/div>\n<\/div>\n\t\t\t<\/div>\n        <\/div>\n            <\/section>\n<\/section><section class=\"vc_section page-2-subpages image-text-column vc_custom_1642078443479 vc_section-has-fill\">    <section class=\"container-wrap  main-color\" style=\"padding-top:40px;padding-bottom:40px\" >\n\t\t<div class=\"section-container container\">\n\t\t\t<div class=\"vc_row wpb_row vc_row-fluid row\">\n\t\t\t\t<div class=\"wpb_animate_when_almost_visible wpb_fadeIn fadeIn wpb_column vc_column_container vc_col-sm-12\">\n    <div class=\"vc_column-inner\">\n        <div class=\"wpb_wrapper\">\n            <div class=\"kleo_text_column wpb_text_column wpb_content_element\"  style=\" color:#3C3C3C;\">\n    <div class=\"wpb_wrapper\">\n        <h2 style=\"text-align: center; color: #3c3c3c;\">Group &amp; committee management<\/h2>\n    <\/div>\n<\/div>\n        <\/div>\n    <\/div>\n<\/div>\n\t\t\t<\/div>\n        <\/div>\n            <\/section>\n    <section class=\"container-wrap  image-text-column-2 main-color\" style=\"\" >\n\t\t<div class=\"section-container container\">\n\t\t\t<div class=\"vc_row wpb_row vc_row-fluid row\">\n\t\t\t\t<div class=\"wpb_animate_when_almost_visible wpb_fadeInUp fadeInUp wpb_column vc_column_container vc_col-sm-6\">\n    <div class=\"vc_column-inner\">\n        <div class=\"wpb_wrapper\">\n            <div class=\"kleo_text_column wpb_text_column wpb_content_element  vc_custom_1639135000402 text\"  style=\" font-size:22px; line-height:36px;\">\n    <div class=\"wpb_wrapper\">\n        <h3>Manage your regional groups and related hierarchies<\/h3>\n<p style=\"line-height: 2;\" class=\"translation-block\">Create groups by region and department and manage corresponding member lists. Support group communication and drive regional and subject-specific events.<\/p>\n    <\/div>\n<\/div>\n        <\/div>\n    <\/div>\n<\/div>\n<div class=\"wpb_animate_when_almost_visible wpb_fadeInUp fadeInUp wpb_column vc_column_container vc_col-sm-6\">\n    <div class=\"vc_column-inner\">\n        <div class=\"wpb_wrapper\">\n            <div class=\"wpb_single_image wpb_content_element vc_align_left\">\n\t\t<figure class=\"wpb_wrapper vc_figure\">\n\t\t\t\t\t<div class=\"vc_single_image-wrapper   vc_box_border_grey\">\n\t\t\t\t<img loading=\"lazy\" decoding=\"async\" width=\"300\" height=\"291\" src=\"https:\/\/www.verbandssoftware.online\/wp-content\/uploads\/2021\/09\/Gruppe-486@2x-300x291.png\" class=\"vc_single_image-img attachment-medium\" alt=\"Person\" title=\"Regional und Fachgruppen\" \/>\t\t\t<\/div>\n\t\t\t\t\t\t<\/figure>\n<\/div>\n        <\/div>\n    <\/div>\n<\/div>\n\t\t\t<\/div>\n        <\/div>\n            <\/section>\n    <section class=\"container-wrap  main-color\" style=\"padding-top:40px;padding-bottom:40px\" >\n\t\t<div class=\"section-container container\">\n\t\t\t<div class=\"vc_row wpb_row vc_row-fluid row\">\n\t\t\t\t<div class=\"wpb_column vc_column_container vc_col-sm-12\">\n    <div class=\"vc_column-inner\">\n        <div class=\"wpb_wrapper\">\n            <div  class=\"kleo-gap\" style=\"height:30px;line-height:30px;\"><\/div>        <\/div>\n    <\/div>\n<\/div>\n\t\t\t<\/div>\n        <\/div>\n            <\/section>\n    <section class=\"container-wrap  image-text-column-2 main-color\" style=\"\" >\n\t\t<div class=\"section-container container\">\n\t\t\t<div class=\"vc_row wpb_row vc_row-fluid row\">\n\t\t\t\t<div class=\"wpb_animate_when_almost_visible wpb_fadeInUp fadeInUp wpb_column vc_column_container vc_col-sm-6\">\n    <div class=\"vc_column-inner\">\n        <div class=\"wpb_wrapper\">\n            <div class=\"wpb_single_image wpb_content_element vc_align_center\">\n\t\t<figure class=\"wpb_wrapper vc_figure\">\n\t\t\t\t\t<div class=\"vc_single_image-wrapper   vc_box_border_grey\">\n\t\t\t\t<img loading=\"lazy\" decoding=\"async\" width=\"300\" height=\"189\" src=\"https:\/\/www.verbandssoftware.online\/wp-content\/uploads\/2021\/09\/Gruppe-487@2x-300x189.png\" class=\"vc_single_image-img attachment-medium\" alt=\"Profile\" title=\"Gruppe 487@2x\" \/>\t\t\t<\/div>\n\t\t\t\t\t\t<\/figure>\n<\/div>\n        <\/div>\n    <\/div>\n<\/div>\n<div class=\"wpb_animate_when_almost_visible wpb_fadeInUp fadeInUp wpb_column vc_column_container vc_col-sm-6\">\n    <div class=\"vc_column-inner vc_custom_1642064967040\">\n        <div class=\"wpb_wrapper\">\n            <div class=\"kleo_text_column wpb_text_column wpb_content_element  vc_custom_1639135086823 text\"  style=\" font-size:22px; line-height:36px;\">\n    <div class=\"wpb_wrapper\">\n        <h3>Manage expert pool and networks<\/h3>\n<p style=\"line-height: 2;\">Manage the expert lists and effectively manage the inclusion in the expert pool, related communication and eventual billing with a standardized process. This can be easily customized for you with our no-code approach to your specific requirements.<\/p>\n    <\/div>\n<\/div>\n        <\/div>\n    <\/div>\n<\/div>\n\t\t\t<\/div>\n        <\/div>\n            <\/section>\n<\/section><section class=\"vc_section page-2-subpages row-5 wpb_animate_when_almost_visible wpb_fadeInUp fadeInUp\">    <section class=\"container-wrap  image-form-column main-color\" style=\"\" >\n\t\t<div class=\"section-container container\">\n\t\t\t<div class=\"vc_row wpb_row vc_row-fluid row\">\n\t\t\t\t<div class=\"wpb_column vc_column_container vc_col-sm-6\">\n    <div class=\"vc_column-inner\">\n        <div class=\"wpb_wrapper\">\n            <div class=\"wpb_single_image wpb_content_element vc_align_left vc_custom_1625917647685  image\">\n\t\t<figure class=\"wpb_wrapper vc_figure\">\n\t\t\t\t\t<div class=\"vc_single_image-wrapper   vc_box_border_grey\">\n\t\t\t\t<img loading=\"lazy\" decoding=\"async\" width=\"520\" height=\"342\" src=\"https:\/\/www.verbandssoftware.online\/wp-content\/uploads\/2021\/06\/Gruppe-53.png\" class=\"vc_single_image-img attachment-full\" alt=\"Zwei Personen halten einen Kreis, darin das i-taros Logo\" title=\"Gruppe 53\" \/>\t\t\t<\/div>\n\t\t\t\t\t\t<\/figure>\n<\/div>\n        <\/div>\n    <\/div>\n<\/div>\n<div class=\"wpb_column vc_column_container vc_col-sm-6\">\n    <div class=\"vc_column-inner\">\n        <div class=\"wpb_wrapper\">\n            <div class=\"kleo_text_column wpb_text_column wpb_content_element  vc_custom_1632998752401 form-heading\"  style=\" font-size:24px; line-height:29px; font-weight:bold; color:#707070;\">\n    <div class=\"wpb_wrapper\">\n        <p>Do you have specific requirements?<\/p>\n    <\/div>\n<\/div>\n    <h6  style=\"font-size: 18px;color: #111111;line-height: 22px;text-align: left\" data-uid=\"\" class=\"vc_custom_heading form-text\" id=\"\">\n        No problem, our no-code approach allows customizing the solution exactly to your requirements. Reach out to us!<br \/>\nBook your preferred date\u2014we look forward to talking to you.    <\/h6>\n    \n\t<div class=\"wpb_raw_code wpb_raw_html wpb_content_element vc_custom_1761050037092\" >\n\t\t<div class=\"wpb_wrapper\">\n\t\t\t<!-- Calendly Inline-Widget Beginn -->\n<div class=\"calendly-inline-widget\" data-url=\"https:\/\/calendly.com\/jochen-kuhmann\/neues-meeting?hide_event_type_details=1&hide_gdpr_banner=1\" style=\"min-width:320px;height:300px;\"><\/div>\n<script type=\"text\/javascript\" src=\"https:\/\/assets.calendly.com\/assets\/external\/widget.js\" async><\/script>\n<!-- Calendly Inline-Widget Ende -->\n\t\t<\/div>\n\t<\/div>\n        <\/div>\n    <\/div>\n<\/div>\n\t\t\t<\/div>\n        <\/div>\n            <\/section>\n<\/section>\n<\/div>","protected":false},"excerpt":{"rendered":"Verbands- &amp; Gremienverwaltung Finanzmanagement Verwalten Sie Ihre Rechnungen mit i-taros, einschlie\u00dflich der Berechnung von verschiedenen Beitr\u00e4gen. Erstellen Sie einmalige oder wiederkehrende Rechnungen f\u00fcr Mitglieder entsprechend ihrer in Anspruch genommenen Leistungen. Erstellen Sie Rechnungen auf Basis von SEPA-Lastschrift als PDF direkt aus der Weboberfl\u00e4che oder automatisch \u00fcber Rechnungsl\u00e4ufe. Digitalisieren Sie Ihre Buchhaltung und den Zahlungsverkehr durch Integration mit DATEV-Finanzbuchhaltung oder Starmoney. [...]","protected":false},"author":1,"featured_media":0,"parent":0,"menu_order":22,"comment_status":"closed","ping_status":"closed","template":"","meta":{"footnotes":""},"class_list":["post-3010","page","type-page","status-publish","hentry"],"yoast_head":"<!-- This site is optimized with the Yoast SEO plugin v26.8 - https:\/\/yoast.com\/product\/yoast-seo-wordpress\/ -->\n<title>Verbands- &amp; Gremienverwaltung - Verbandssoftware<\/title>\n<meta name=\"description\" content=\"Erledigen Sie Ihre Abrechnungen, motivieren Sie Ihre Mitarbeiter durch professionelles Personalmanagement und verwalten Sie die Gremien.\" \/>\n<meta name=\"robots\" content=\"index, follow, max-snippet:-1, max-image-preview:large, max-video-preview:-1\" \/>\n<link rel=\"canonical\" href=\"https:\/\/www.verbandssoftware.online\/en\/verband-und-gremien\/\" \/>\n<meta property=\"og:locale\" content=\"en_GB\" \/>\n<meta property=\"og:type\" content=\"article\" \/>\n<meta property=\"og:title\" content=\"Verbands- &amp; Gremienverwaltung - Verbandssoftware\" \/>\n<meta property=\"og:description\" content=\"Erledigen Sie Ihre Abrechnungen, motivieren Sie Ihre Mitarbeiter durch professionelles Personalmanagement und verwalten Sie die Gremien.\" \/>\n<meta property=\"og:url\" content=\"https:\/\/www.verbandssoftware.online\/en\/verband-und-gremien\/\" \/>\n<meta property=\"og:site_name\" content=\"Verbandssoftware\" \/>\n<meta property=\"article:publisher\" content=\"https:\/\/www.facebook.com\/buit.group\" \/>\n<meta property=\"article:modified_time\" content=\"2025-10-21T12:34:23+00:00\" \/>\n<meta name=\"twitter:card\" content=\"summary_large_image\" \/>\n<meta name=\"twitter:site\" content=\"@BuIT_Group\" \/>\n<meta name=\"twitter:label1\" content=\"Estimated reading time\" \/>\n\t<meta name=\"twitter:data1\" content=\"4 minutes\" \/>\n<script type=\"application\/ld+json\" class=\"yoast-schema-graph\">{\"@context\":\"https:\/\/schema.org\",\"@graph\":[{\"@type\":\"WebPage\",\"@id\":\"https:\/\/www.verbandssoftware.online\/verband-und-gremien\/\",\"url\":\"https:\/\/www.verbandssoftware.online\/verband-und-gremien\/\",\"name\":\"Verbands- & Gremienverwaltung - Verbandssoftware\",\"isPartOf\":{\"@id\":\"https:\/\/www.verbandssoftware.online\/#website\"},\"datePublished\":\"2021-06-02T08:23:22+00:00\",\"dateModified\":\"2025-10-21T12:34:23+00:00\",\"description\":\"Erledigen Sie Ihre Abrechnungen, motivieren Sie Ihre Mitarbeiter durch professionelles Personalmanagement und verwalten Sie die Gremien.\",\"breadcrumb\":{\"@id\":\"https:\/\/www.verbandssoftware.online\/verband-und-gremien\/#breadcrumb\"},\"inLanguage\":\"en-GB\",\"potentialAction\":[{\"@type\":\"ReadAction\",\"target\":[\"https:\/\/www.verbandssoftware.online\/verband-und-gremien\/\"]}]},{\"@type\":\"BreadcrumbList\",\"@id\":\"https:\/\/www.verbandssoftware.online\/verband-und-gremien\/#breadcrumb\",\"itemListElement\":[{\"@type\":\"ListItem\",\"position\":1,\"name\":\"Startseite\",\"item\":\"https:\/\/www.verbandssoftware.online\/\"},{\"@type\":\"ListItem\",\"position\":2,\"name\":\"Verbands- &#038; Gremienverwaltung\"}]},{\"@type\":\"WebSite\",\"@id\":\"https:\/\/www.verbandssoftware.online\/#website\",\"url\":\"https:\/\/www.verbandssoftware.online\/\",\"name\":\"Verbandssoftware\",\"description\":\"SOFTWARE DIE FREIR\u00c4UME SCHAFFT\",\"publisher\":{\"@id\":\"https:\/\/www.verbandssoftware.online\/#organization\"},\"potentialAction\":[{\"@type\":\"SearchAction\",\"target\":{\"@type\":\"EntryPoint\",\"urlTemplate\":\"https:\/\/www.verbandssoftware.online\/?s={search_term_string}\"},\"query-input\":{\"@type\":\"PropertyValueSpecification\",\"valueRequired\":true,\"valueName\":\"search_term_string\"}}],\"inLanguage\":\"en-GB\"},{\"@type\":\"Organization\",\"@id\":\"https:\/\/www.verbandssoftware.online\/#organization\",\"name\":\"B&IT Group\",\"url\":\"https:\/\/www.verbandssoftware.online\/\",\"logo\":{\"@type\":\"ImageObject\",\"inLanguage\":\"en-GB\",\"@id\":\"https:\/\/www.verbandssoftware.online\/#\/schema\/logo\/image\/\",\"url\":\"https:\/\/www.verbandssoftware.online\/wp-content\/uploads\/2018\/06\/BIT_Group_RGB_final_klein-1.png\",\"contentUrl\":\"https:\/\/www.verbandssoftware.online\/wp-content\/uploads\/2018\/06\/BIT_Group_RGB_final_klein-1.png\",\"width\":1207,\"height\":336,\"caption\":\"B&IT Group\"},\"image\":{\"@id\":\"https:\/\/www.verbandssoftware.online\/#\/schema\/logo\/image\/\"},\"sameAs\":[\"https:\/\/www.facebook.com\/buit.group\",\"https:\/\/x.com\/BuIT_Group\",\"https:\/\/www.linkedin.com\/company\/buit-group\/\"]}]}<\/script>\n<!-- \/ Yoast SEO plugin. -->","yoast_head_json":{"title":"Verbands- & Gremienverwaltung - Verbandssoftware","description":"Erledigen Sie Ihre Abrechnungen, motivieren Sie Ihre Mitarbeiter durch professionelles Personalmanagement und verwalten Sie die Gremien.","robots":{"index":"index","follow":"follow","max-snippet":"max-snippet:-1","max-image-preview":"max-image-preview:large","max-video-preview":"max-video-preview:-1"},"canonical":"https:\/\/www.verbandssoftware.online\/en\/verband-und-gremien\/","og_locale":"en_GB","og_type":"article","og_title":"Verbands- & Gremienverwaltung - Verbandssoftware","og_description":"Erledigen Sie Ihre Abrechnungen, motivieren Sie Ihre Mitarbeiter durch professionelles Personalmanagement und verwalten Sie die Gremien.","og_url":"https:\/\/www.verbandssoftware.online\/en\/verband-und-gremien\/","og_site_name":"Verbandssoftware","article_publisher":"https:\/\/www.facebook.com\/buit.group","article_modified_time":"2025-10-21T12:34:23+00:00","twitter_card":"summary_large_image","twitter_site":"@BuIT_Group","twitter_misc":{"Estimated reading time":"4 minutes"},"schema":{"@context":"https:\/\/schema.org","@graph":[{"@type":"WebPage","@id":"https:\/\/www.verbandssoftware.online\/verband-und-gremien\/","url":"https:\/\/www.verbandssoftware.online\/verband-und-gremien\/","name":"Verbands- & Gremienverwaltung - Verbandssoftware","isPartOf":{"@id":"https:\/\/www.verbandssoftware.online\/#website"},"datePublished":"2021-06-02T08:23:22+00:00","dateModified":"2025-10-21T12:34:23+00:00","description":"Erledigen Sie Ihre Abrechnungen, motivieren Sie Ihre Mitarbeiter durch professionelles Personalmanagement und verwalten Sie die Gremien.","breadcrumb":{"@id":"https:\/\/www.verbandssoftware.online\/verband-und-gremien\/#breadcrumb"},"inLanguage":"en-GB","potentialAction":[{"@type":"ReadAction","target":["https:\/\/www.verbandssoftware.online\/verband-und-gremien\/"]}]},{"@type":"BreadcrumbList","@id":"https:\/\/www.verbandssoftware.online\/verband-und-gremien\/#breadcrumb","itemListElement":[{"@type":"ListItem","position":1,"name":"Startseite","item":"https:\/\/www.verbandssoftware.online\/"},{"@type":"ListItem","position":2,"name":"Verbands- &#038; Gremienverwaltung"}]},{"@type":"WebSite","@id":"https:\/\/www.verbandssoftware.online\/#website","url":"https:\/\/www.verbandssoftware.online\/","name":"Verbandssoftware","description":"SOFTWARE DIE FREIR\u00c4UME SCHAFFT","publisher":{"@id":"https:\/\/www.verbandssoftware.online\/#organization"},"potentialAction":[{"@type":"SearchAction","target":{"@type":"EntryPoint","urlTemplate":"https:\/\/www.verbandssoftware.online\/?s={search_term_string}"},"query-input":{"@type":"PropertyValueSpecification","valueRequired":true,"valueName":"search_term_string"}}],"inLanguage":"en-GB"},{"@type":"Organization","@id":"https:\/\/www.verbandssoftware.online\/#organization","name":"B&IT Group","url":"https:\/\/www.verbandssoftware.online\/","logo":{"@type":"ImageObject","inLanguage":"en-GB","@id":"https:\/\/www.verbandssoftware.online\/#\/schema\/logo\/image\/","url":"https:\/\/www.verbandssoftware.online\/wp-content\/uploads\/2018\/06\/BIT_Group_RGB_final_klein-1.png","contentUrl":"https:\/\/www.verbandssoftware.online\/wp-content\/uploads\/2018\/06\/BIT_Group_RGB_final_klein-1.png","width":1207,"height":336,"caption":"B&IT Group"},"image":{"@id":"https:\/\/www.verbandssoftware.online\/#\/schema\/logo\/image\/"},"sameAs":["https:\/\/www.facebook.com\/buit.group","https:\/\/x.com\/BuIT_Group","https:\/\/www.linkedin.com\/company\/buit-group\/"]}]}},"_links":{"self":[{"href":"https:\/\/www.verbandssoftware.online\/en\/wp-json\/wp\/v2\/pages\/3010","targetHints":{"allow":["GET"]}}],"collection":[{"href":"https:\/\/www.verbandssoftware.online\/en\/wp-json\/wp\/v2\/pages"}],"about":[{"href":"https:\/\/www.verbandssoftware.online\/en\/wp-json\/wp\/v2\/types\/page"}],"author":[{"embeddable":true,"href":"https:\/\/www.verbandssoftware.online\/en\/wp-json\/wp\/v2\/users\/1"}],"replies":[{"embeddable":true,"href":"https:\/\/www.verbandssoftware.online\/en\/wp-json\/wp\/v2\/comments?post=3010"}],"version-history":[{"count":3,"href":"https:\/\/www.verbandssoftware.online\/en\/wp-json\/wp\/v2\/pages\/3010\/revisions"}],"predecessor-version":[{"id":5181,"href":"https:\/\/www.verbandssoftware.online\/en\/wp-json\/wp\/v2\/pages\/3010\/revisions\/5181"}],"wp:attachment":[{"href":"https:\/\/www.verbandssoftware.online\/en\/wp-json\/wp\/v2\/media?parent=3010"}],"curies":[{"name":"wp","href":"https:\/\/api.w.org\/{rel}","templated":true}]}}