{"id":3313,"date":"2021-06-09T12:55:30","date_gmt":"2021-06-09T10:55:30","guid":{"rendered":"https:\/\/www.verbandssoftware.online\/?page_id=3313"},"modified":"2025-10-21T13:38:48","modified_gmt":"2025-10-21T11:38:48","slug":"unser-vorgehen","status":"publish","type":"page","link":"https:\/\/www.verbandssoftware.online\/en\/unser-vorgehen\/","title":{"rendered":"Our Services"},"content":{"rendered":"<div class=\"wpb-content-wrapper\"><section class=\"vc_section page-2-subpages row-1 vc_custom_1699029804968 vc_section-has-fill\">    <section class=\"container-wrap  main-color\" style=\"height: 475px\" >\n\t\t<div class=\"section-container container\">\n\t\t\t<div class=\"vc_row wpb_row vc_row-fluid row\">\n\t\t\t\t<div class=\"wpb_column vc_column_container vc_col-sm-12\">\n    <div class=\"vc_column-inner\">\n        <div class=\"wpb_wrapper\">\n                <h1  style=\"font-size: 40px;color: #f7b50f;line-height: 50px;text-align: left\" data-uid=\"\" class=\"vc_custom_heading hintergrund\" id=\"\">\n        Our Services    <\/h1>\n            <\/div>\n    <\/div>\n<\/div>\n\t\t\t<\/div>\n        <\/div>\n            <\/section>\n<\/section><section class=\"vc_section page-1 row-3\">    <section class=\"container-wrap  image-text-column-1 main-color\" style=\"\" >\n\t\t<div class=\"section-container container\">\n\t\t\t<div class=\"vc_row wpb_row vc_row-fluid row\">\n\t\t\t\t<div class=\"wpb_animate_when_almost_visible wpb_slideInLeft slideInLeft wpb_column vc_column_container vc_col-sm-6\">\n    <div class=\"vc_column-inner\">\n        <div class=\"wpb_wrapper\">\n            <div class=\"wpb_single_image wpb_content_element vc_align_left vc_custom_1641541757232  image animated animate-when-visible left-to-right\">\n\t\t<figure class=\"wpb_wrapper vc_figure\">\n\t\t\t\t\t<div class=\"vc_single_image-wrapper   vc_box_border_grey\">\n\t\t\t\t<img loading=\"lazy\" decoding=\"async\" width=\"570\" height=\"351\" src=\"https:\/\/www.verbandssoftware.online\/wp-content\/uploads\/2018\/06\/Gruppe-581-1.png\" class=\"vc_single_image-img attachment-full\" alt=\"Person vor Whiteboard\" title=\"Gruppe 581\" \/>\t\t\t<\/div>\n\t\t\t\t\t\t<\/figure>\n<\/div>\n        <\/div>\n    <\/div>\n<\/div>\n<div class=\"wpb_animate_when_almost_visible wpb_slideInRight slideInRight wpb_column vc_column_container vc_col-sm-6\">\n    <div class=\"vc_column-inner\">\n        <div class=\"wpb_wrapper\">\n                <h3  style=\"color: #111111;text-align: left\" data-uid=\"\" class=\"vc_custom_heading heading\" id=\"\">\n        1. Digital Consulting    <\/h3>\n    <div class=\"kleo_text_column wpb_text_column wpb_content_element  text\"  style=\" font-size:18px; line-height:28px; color:#707070;\">\n    <div class=\"wpb_wrapper\">\n        <ul>\n<li class=\"translation-block\">BUIT Group is the partner for your digitization projects. <br>\nWe offer consulting services to enable your individual<br>\nsolution with the  <a href=\"http:\/\/www.i-taros.com\" target=\"_self\">i-taros Software<\/a> for Nonprofits.<\/li>\n<li>Together with you, we analyze the current state of digitization of your organization and identify potentials and challenges<\/li>\n<li>We then work with you to develop concrete steps for implementing your individual solution based on our no-code platform.<\/li>\n<\/ul>\n    <\/div>\n<\/div>\n        <\/div>\n    <\/div>\n<\/div>\n\t\t\t<\/div>\n        <\/div>\n            <\/section>\n    <section class=\"container-wrap  main-color\" style=\"padding-top:0px;padding-bottom:0px\" >\n\t\t<div class=\"section-container container\">\n\t\t\t<div class=\"vc_row wpb_row vc_row-fluid row\">\n\t\t\t\t<div class=\"wpb_animate_when_almost_visible wpb_fadeInDown fadeInDown wpb_column vc_column_container vc_col-sm-12\">\n    <div class=\"vc_column-inner\">\n        <div class=\"wpb_wrapper\">\n            <div class=\"wpb_single_image wpb_content_element vc_align_center\">\n\t\t<figure class=\"wpb_wrapper vc_figure\">\n\t\t\t\t\t<div class=\"vc_single_image-wrapper   vc_box_border_grey\">\n\t\t\t\t<img loading=\"lazy\" decoding=\"async\" width=\"838\" height=\"110\" src=\"https:\/\/www.verbandssoftware.online\/wp-content\/uploads\/2022\/01\/arrow.png\" class=\"vc_single_image-img attachment-full\" alt=\"\" title=\"arrow\" \/>\t\t\t<\/div>\n\t\t\t\t\t\t<\/figure>\n<\/div>\n        <\/div>\n    <\/div>\n<\/div>\n\t\t\t<\/div>\n        <\/div>\n            <\/section>\n<\/section><section class=\"vc_section page-1 row-3 vc_custom_1641547366817\">    <section class=\"container-wrap  image-text-column-2 main-color\" style=\"\" >\n\t\t<div class=\"section-container container\">\n\t\t\t<div class=\"vc_row wpb_row vc_row-fluid row\">\n\t\t\t\t<div class=\"wpb_animate_when_almost_visible wpb_slideInLeft slideInLeft wpb_column vc_column_container vc_col-sm-6\">\n    <div class=\"vc_column-inner\">\n        <div class=\"wpb_wrapper\">\n                <h3  style=\"color: #111111;text-align: left\" data-uid=\"\" class=\"vc_custom_heading heading\" id=\"\">\n        2. System Integration and Implementation    <\/h3>\n    <div class=\"kleo_text_column wpb_text_column wpb_content_element  text\"  style=\" font-size:18px; line-height:28px;\">\n    <div class=\"wpb_wrapper\">\n        <ul>\n<li>With the patented<a href=\"http:\/\/en.i-taros.com\"> i-taros<\/a> <a href=\"https:\/\/patents.google.com\/patent\/US10296305B2\/en?oq=US+10%2c296%2c305+B2\">No-code technology <\/a>we can<br \/>\nrealize your individual requirements cost-effective and quickly by adapting our standard software. A prototype for initial assessment can often be created after a few days.<\/li>\n<li class=\"translation-block\">We check the requirements for the transfer of data, create a data migration strategy to the new system and implement it.<\/li>\n<li>We then implement your custom solutions including software integration, migration of data, workflow setup and reporting, and more.<\/li>\n<\/ul>\n    <\/div>\n<\/div>\n        <\/div>\n    <\/div>\n<\/div>\n<div class=\"wpb_animate_when_almost_visible wpb_slideInRight slideInRight wpb_column vc_column_container vc_col-sm-6\">\n    <div class=\"vc_column-inner\">\n        <div class=\"wpb_wrapper\">\n            <div class=\"wpb_single_image wpb_content_element vc_align_left  image animated animate-when-visible right-to-left\">\n\t\t<figure class=\"wpb_wrapper vc_figure\">\n\t\t\t\t\t<div class=\"vc_single_image-wrapper   vc_box_border_grey\">\n\t\t\t\t<img loading=\"lazy\" decoding=\"async\" width=\"570\" height=\"351\" src=\"https:\/\/www.verbandssoftware.online\/wp-content\/uploads\/2018\/06\/Gruppe-582-1.png\" class=\"vc_single_image-img attachment-full\" alt=\"Person kniet mit Laptop daneben ein Strukturbaum\" title=\"Gruppe 582\" \/>\t\t\t<\/div>\n\t\t\t\t\t\t<\/figure>\n<\/div>\n        <\/div>\n    <\/div>\n<\/div>\n\t\t\t<\/div>\n        <\/div>\n            <\/section>\n<\/section>    <section class=\"container-wrap  main-color\" style=\"padding-top:0px;padding-bottom:0px\" >\n\t\t<div class=\"section-container container\">\n\t\t\t<div class=\"vc_row wpb_row vc_row-fluid row\">\n\t\t\t\t<div class=\"wpb_animate_when_almost_visible wpb_fadeInDown fadeInDown wpb_column vc_column_container vc_col-sm-12\">\n    <div class=\"vc_column-inner\">\n        <div class=\"wpb_wrapper\">\n            <div class=\"wpb_single_image wpb_content_element vc_align_center\">\n\t\t<figure class=\"wpb_wrapper vc_figure\">\n\t\t\t\t\t<div class=\"vc_single_image-wrapper   vc_box_border_grey\">\n\t\t\t\t<img loading=\"lazy\" decoding=\"async\" width=\"838\" height=\"110\" src=\"https:\/\/www.verbandssoftware.online\/wp-content\/uploads\/2022\/01\/arrow-2.png\" class=\"vc_single_image-img attachment-full\" alt=\"\" title=\"arrow - 2\" \/>\t\t\t<\/div>\n\t\t\t\t\t\t<\/figure>\n<\/div>\n        <\/div>\n    <\/div>\n<\/div>\n\t\t\t<\/div>\n        <\/div>\n            <\/section>\n<section class=\"vc_section page-1 row-3 vc_custom_1641547377123\">    <section class=\"container-wrap  image-text-column-1 main-color\" style=\"\" >\n\t\t<div class=\"section-container container\">\n\t\t\t<div class=\"vc_row wpb_row vc_row-fluid row\">\n\t\t\t\t<div class=\"wpb_animate_when_almost_visible wpb_slideInLeft slideInLeft wpb_column vc_column_container vc_col-sm-6\">\n    <div class=\"vc_column-inner\">\n        <div class=\"wpb_wrapper\">\n            <div class=\"wpb_single_image wpb_content_element vc_align_left vc_custom_1638901910286  image\">\n\t\t<figure class=\"wpb_wrapper vc_figure\">\n\t\t\t\t\t<div class=\"vc_single_image-wrapper   vc_box_border_grey\">\n\t\t\t\t<img loading=\"lazy\" decoding=\"async\" width=\"570\" height=\"351\" src=\"https:\/\/www.verbandssoftware.online\/wp-content\/uploads\/2018\/06\/Gruppe-583-1.png\" class=\"vc_single_image-img attachment-full\" alt=\"Person steht neben Zahnr\u00e4dern, darin befinden sich weitere Personen\" title=\"Gruppe 583\" \/>\t\t\t<\/div>\n\t\t\t\t\t\t<\/figure>\n<\/div>\n        <\/div>\n    <\/div>\n<\/div>\n<div class=\"wpb_animate_when_almost_visible wpb_slideInRight slideInRight wpb_column vc_column_container vc_col-sm-6\">\n    <div class=\"vc_column-inner\">\n        <div class=\"wpb_wrapper\">\n                <h3  style=\"color: #111111;text-align: left\" data-uid=\"\" class=\"vc_custom_heading heading\" id=\"\">\n        3. System Onboarding and IT-Service Management    <\/h3>\n    <div class=\"kleo_text_column wpb_text_column wpb_content_element  text\"  style=\" font-size:18px; line-height:28px; color:#707070;\">\n    <div class=\"wpb_wrapper\">\n        <ul>\n<li>We do not stop at implementation. We are there for you with our support services and regular software updates.<\/li>\n<li>BUIT Group hosts and operates all of its software solutions exclusively in German data centers in accordance with the strict EU-DSGVO guidelines.<\/li>\n<li>In addition, we offer you individualized training measures as well as customer-friendly and personal administrator and user support.<\/li>\n<\/ul>\n    <\/div>\n<\/div>\n        <\/div>\n    <\/div>\n<\/div>\n\t\t\t<\/div>\n        <\/div>\n            <\/section>\n<\/section>    <section class=\"container-wrap  main-color\" style=\"padding-top:0px;padding-bottom:0px\" >\n\t\t<div class=\"section-container container\">\n\t\t\t<div class=\"vc_row wpb_row vc_row-fluid row\">\n\t\t\t\t<div class=\"wpb_animate_when_almost_visible wpb_fadeInDown fadeInDown wpb_column vc_column_container vc_col-sm-12\">\n    <div class=\"vc_column-inner\">\n        <div class=\"wpb_wrapper\">\n            <div class=\"wpb_single_image wpb_content_element vc_align_center\">\n\t\t<figure class=\"wpb_wrapper vc_figure\">\n\t\t\t\t\t<div class=\"vc_single_image-wrapper   vc_box_border_grey\">\n\t\t\t\t<img loading=\"lazy\" decoding=\"async\" width=\"838\" height=\"110\" src=\"https:\/\/www.verbandssoftware.online\/wp-content\/uploads\/2022\/01\/arrow.png\" class=\"vc_single_image-img attachment-full\" alt=\"\" title=\"arrow\" \/>\t\t\t<\/div>\n\t\t\t\t\t\t<\/figure>\n<\/div>\n        <\/div>\n    <\/div>\n<\/div>\n\t\t\t<\/div>\n        <\/div>\n            <\/section>\n<section class=\"vc_section page-1 row-3 vc_custom_1641547388430\">    <section class=\"container-wrap  image-text-column-2 main-color\" style=\"\" >\n\t\t<div class=\"section-container container\">\n\t\t\t<div class=\"vc_row wpb_row vc_row-fluid row\">\n\t\t\t\t<div class=\"wpb_animate_when_almost_visible wpb_slideInLeft slideInLeft wpb_column vc_column_container vc_col-sm-6\">\n    <div class=\"vc_column-inner\">\n        <div class=\"wpb_wrapper\">\n                <h3  style=\"color: #111111;text-align: left\" data-uid=\"\" class=\"vc_custom_heading heading\" id=\"\">\n        4. Financing Services    <\/h3>\n    <div class=\"kleo_text_column wpb_text_column wpb_content_element  text\"  style=\" font-size:18px; line-height:28px;\">\n    <div class=\"wpb_wrapper\">\n        <ul>\n<li>We will find the right financing solution for you, whether fixed-price services, individual payment and financing models or IT project leasing (for larger project volumes).<\/li>\n<\/ul>\n    <\/div>\n<\/div>\n        <\/div>\n    <\/div>\n<\/div>\n<div class=\"wpb_animate_when_almost_visible wpb_slideInRight slideInRight wpb_column vc_column_container vc_col-sm-6\">\n    <div class=\"vc_column-inner\">\n        <div class=\"wpb_wrapper\">\n            <div class=\"wpb_single_image wpb_content_element vc_align_left  image\">\n\t\t<figure class=\"wpb_wrapper vc_figure\">\n\t\t\t\t\t<div class=\"vc_single_image-wrapper   vc_box_border_grey\">\n\t\t\t\t<img loading=\"lazy\" decoding=\"async\" width=\"570\" height=\"351\" src=\"https:\/\/www.verbandssoftware.online\/wp-content\/uploads\/2018\/06\/Gruppe-580-1.png\" class=\"vc_single_image-img attachment-full\" alt=\"Gro\u00dfe Kreditkarte, daneben Person mit Geld in der Hand\" title=\"Gruppe 580\" \/>\t\t\t<\/div>\n\t\t\t\t\t\t<\/figure>\n<\/div>\n        <\/div>\n    <\/div>\n<\/div>\n\t\t\t<\/div>\n        <\/div>\n            <\/section>\n<\/section><section class=\"vc_section wpb_animate_when_almost_visible wpb_fadeInUp fadeInUp vc_custom_1642095972082 vc_section-has-fill\">    <section class=\"container-wrap  main-color\" style=\"\" >\n\t\t<div class=\"section-container container\">\n\t\t\t<div class=\"vc_row wpb_row vc_row-fluid row\">\n\t\t\t\t<div class=\"wpb_column vc_column_container vc_col-sm-6\">\n    <div class=\"vc_column-inner\">\n        <div class=\"wpb_wrapper\">\n            <div class=\"wpb_single_image wpb_content_element vc_align_left\">\n\t\t<figure class=\"wpb_wrapper vc_figure\">\n\t\t\t\t\t<div class=\"vc_single_image-wrapper   vc_box_border_grey\">\n\t\t\t\t<img loading=\"lazy\" decoding=\"async\" width=\"570\" height=\"450\" src=\"https:\/\/www.verbandssoftware.online\/wp-content\/uploads\/2018\/06\/Gruppe-584.png\" class=\"vc_single_image-img attachment-full\" alt=\"Zwei Personen geben sich die Hand, dahinter ein Vertrag\" title=\"Gruppe 584\" \/>\t\t\t<\/div>\n\t\t\t\t\t\t<\/figure>\n<\/div>\n        <\/div>\n    <\/div>\n<\/div>\n<div class=\"wpb_column vc_column_container vc_col-sm-6\">\n    <div class=\"vc_column-inner\">\n        <div class=\"wpb_wrapper\">\n            <div class=\"kleo_text_column wpb_text_column wpb_content_element  form-heading\"  style=\" font-size:24px; line-height:29px; font-weight:bold; color:#707070;\">\n    <div class=\"wpb_wrapper\">\n        <p>Would you like to learn more about our services?<\/p>\n    <\/div>\n<\/div>\n    <h6  style=\"font-size: 18px;color: #111111;line-height: 22px;text-align: left\" data-uid=\"\" class=\"vc_custom_heading form-text\" id=\"\">\n        Book your preferred date\u2014we look forward to talking to you.    <\/h6>\n    \n\t<div class=\"wpb_raw_code wpb_raw_html wpb_content_element\" >\n\t\t<div class=\"wpb_wrapper\">\n\t\t\t<!-- Calendly Inline-Widget Beginn -->\n<div class=\"calendly-inline-widget\" data-url=\"https:\/\/calendly.com\/jochen-kuhmann\/neues-meeting?hide_event_type_details=1&hide_gdpr_banner=1\" style=\"min-width:320px;height:300px;\"><\/div>\n<script type=\"text\/javascript\" src=\"https:\/\/assets.calendly.com\/assets\/external\/widget.js\" async><\/script>\n<!-- Calendly Inline-Widget Ende -->\n\t\t<\/div>\n\t<\/div>\n        <\/div>\n    <\/div>\n<\/div>\n\t\t\t<\/div>\n        <\/div>\n            <\/section>\n<\/section>\n<\/div>","protected":false},"excerpt":{"rendered":"Unser Vorgehen 1. Digitalisierungsberatung Die BUIT Group ist der Partner f\u00fcr Ihre Digitalisierungsprojekte. Wie bieten Beratungsleistungen, um Ihre individuelle L\u00f6sung mit der i-taros Software f\u00fcr Verb\u00e4nde, Vereine und Kammern zu erm\u00f6glichen. Wir analysieren gemeinsam mit Ihnen den aktuellen Stand der Digitalisierung Ihrer Organisation und identifizieren Potenziale und Herausforderungen. Anschlie\u00dfend erarbeiten mit Ihnen konkrete Schritte zur Umsetzung Ihrer individuellen L\u00f6sung basierend [...]","protected":false},"author":1,"featured_media":0,"parent":0,"menu_order":1,"comment_status":"closed","ping_status":"closed","template":"","meta":{"footnotes":""},"class_list":["post-3313","page","type-page","status-publish","hentry"],"yoast_head":"<!-- This site is optimized with the Yoast SEO plugin v26.8 - https:\/\/yoast.com\/product\/yoast-seo-wordpress\/ -->\n<title>Unser Vorgehen - Verbandssoftware<\/title>\n<meta name=\"description\" content=\"Wir sind der Partner f\u00fcr Ihre Digitalisierungsprojekte. Wir bieten ganzheitliche Services, um ihre Vorstellungen mit i-taros umzusetzen.\" \/>\n<meta name=\"robots\" content=\"index, follow, max-snippet:-1, max-image-preview:large, max-video-preview:-1\" \/>\n<link rel=\"canonical\" href=\"https:\/\/www.verbandssoftware.online\/en\/unser-vorgehen\/\" \/>\n<meta property=\"og:locale\" content=\"en_GB\" \/>\n<meta property=\"og:type\" content=\"article\" \/>\n<meta property=\"og:title\" content=\"Unser Vorgehen - Verbandssoftware\" \/>\n<meta property=\"og:description\" content=\"Wir sind der Partner f\u00fcr Ihre Digitalisierungsprojekte. Wir bieten ganzheitliche Services, um ihre Vorstellungen mit i-taros umzusetzen.\" \/>\n<meta property=\"og:url\" content=\"https:\/\/www.verbandssoftware.online\/en\/unser-vorgehen\/\" \/>\n<meta property=\"og:site_name\" content=\"Verbandssoftware\" \/>\n<meta property=\"article:publisher\" content=\"https:\/\/www.facebook.com\/buit.group\" \/>\n<meta property=\"article:modified_time\" content=\"2025-10-21T11:38:48+00:00\" \/>\n<meta name=\"twitter:card\" content=\"summary_large_image\" \/>\n<meta name=\"twitter:site\" content=\"@BuIT_Group\" \/>\n<meta name=\"twitter:label1\" content=\"Estimated reading time\" \/>\n\t<meta name=\"twitter:data1\" content=\"4 minutes\" \/>\n<script type=\"application\/ld+json\" class=\"yoast-schema-graph\">{\"@context\":\"https:\/\/schema.org\",\"@graph\":[{\"@type\":\"WebPage\",\"@id\":\"https:\/\/www.verbandssoftware.online\/unser-vorgehen\/\",\"url\":\"https:\/\/www.verbandssoftware.online\/unser-vorgehen\/\",\"name\":\"Unser Vorgehen - Verbandssoftware\",\"isPartOf\":{\"@id\":\"https:\/\/www.verbandssoftware.online\/#website\"},\"datePublished\":\"2021-06-09T10:55:30+00:00\",\"dateModified\":\"2025-10-21T11:38:48+00:00\",\"description\":\"Wir sind der Partner f\u00fcr Ihre Digitalisierungsprojekte. Wir bieten ganzheitliche Services, um ihre Vorstellungen mit i-taros umzusetzen.\",\"breadcrumb\":{\"@id\":\"https:\/\/www.verbandssoftware.online\/unser-vorgehen\/#breadcrumb\"},\"inLanguage\":\"en-GB\",\"potentialAction\":[{\"@type\":\"ReadAction\",\"target\":[\"https:\/\/www.verbandssoftware.online\/unser-vorgehen\/\"]}]},{\"@type\":\"BreadcrumbList\",\"@id\":\"https:\/\/www.verbandssoftware.online\/unser-vorgehen\/#breadcrumb\",\"itemListElement\":[{\"@type\":\"ListItem\",\"position\":1,\"name\":\"Startseite\",\"item\":\"https:\/\/www.verbandssoftware.online\/\"},{\"@type\":\"ListItem\",\"position\":2,\"name\":\"Unser Vorgehen\"}]},{\"@type\":\"WebSite\",\"@id\":\"https:\/\/www.verbandssoftware.online\/#website\",\"url\":\"https:\/\/www.verbandssoftware.online\/\",\"name\":\"Verbandssoftware\",\"description\":\"SOFTWARE DIE FREIR\u00c4UME SCHAFFT\",\"publisher\":{\"@id\":\"https:\/\/www.verbandssoftware.online\/#organization\"},\"potentialAction\":[{\"@type\":\"SearchAction\",\"target\":{\"@type\":\"EntryPoint\",\"urlTemplate\":\"https:\/\/www.verbandssoftware.online\/?s={search_term_string}\"},\"query-input\":{\"@type\":\"PropertyValueSpecification\",\"valueRequired\":true,\"valueName\":\"search_term_string\"}}],\"inLanguage\":\"en-GB\"},{\"@type\":\"Organization\",\"@id\":\"https:\/\/www.verbandssoftware.online\/#organization\",\"name\":\"B&IT Group\",\"url\":\"https:\/\/www.verbandssoftware.online\/\",\"logo\":{\"@type\":\"ImageObject\",\"inLanguage\":\"en-GB\",\"@id\":\"https:\/\/www.verbandssoftware.online\/#\/schema\/logo\/image\/\",\"url\":\"https:\/\/www.verbandssoftware.online\/wp-content\/uploads\/2018\/06\/BIT_Group_RGB_final_klein-1.png\",\"contentUrl\":\"https:\/\/www.verbandssoftware.online\/wp-content\/uploads\/2018\/06\/BIT_Group_RGB_final_klein-1.png\",\"width\":1207,\"height\":336,\"caption\":\"B&IT Group\"},\"image\":{\"@id\":\"https:\/\/www.verbandssoftware.online\/#\/schema\/logo\/image\/\"},\"sameAs\":[\"https:\/\/www.facebook.com\/buit.group\",\"https:\/\/x.com\/BuIT_Group\",\"https:\/\/www.linkedin.com\/company\/buit-group\/\"]}]}<\/script>\n<!-- \/ Yoast SEO plugin. -->","yoast_head_json":{"title":"Unser Vorgehen - Verbandssoftware","description":"Wir sind der Partner f\u00fcr Ihre Digitalisierungsprojekte. Wir bieten ganzheitliche Services, um ihre Vorstellungen mit i-taros umzusetzen.","robots":{"index":"index","follow":"follow","max-snippet":"max-snippet:-1","max-image-preview":"max-image-preview:large","max-video-preview":"max-video-preview:-1"},"canonical":"https:\/\/www.verbandssoftware.online\/en\/unser-vorgehen\/","og_locale":"en_GB","og_type":"article","og_title":"Unser Vorgehen - Verbandssoftware","og_description":"Wir sind der Partner f\u00fcr Ihre Digitalisierungsprojekte. Wir bieten ganzheitliche Services, um ihre Vorstellungen mit i-taros umzusetzen.","og_url":"https:\/\/www.verbandssoftware.online\/en\/unser-vorgehen\/","og_site_name":"Verbandssoftware","article_publisher":"https:\/\/www.facebook.com\/buit.group","article_modified_time":"2025-10-21T11:38:48+00:00","twitter_card":"summary_large_image","twitter_site":"@BuIT_Group","twitter_misc":{"Estimated reading time":"4 minutes"},"schema":{"@context":"https:\/\/schema.org","@graph":[{"@type":"WebPage","@id":"https:\/\/www.verbandssoftware.online\/unser-vorgehen\/","url":"https:\/\/www.verbandssoftware.online\/unser-vorgehen\/","name":"Unser Vorgehen - Verbandssoftware","isPartOf":{"@id":"https:\/\/www.verbandssoftware.online\/#website"},"datePublished":"2021-06-09T10:55:30+00:00","dateModified":"2025-10-21T11:38:48+00:00","description":"Wir sind der Partner f\u00fcr Ihre Digitalisierungsprojekte. Wir bieten ganzheitliche Services, um ihre Vorstellungen mit i-taros umzusetzen.","breadcrumb":{"@id":"https:\/\/www.verbandssoftware.online\/unser-vorgehen\/#breadcrumb"},"inLanguage":"en-GB","potentialAction":[{"@type":"ReadAction","target":["https:\/\/www.verbandssoftware.online\/unser-vorgehen\/"]}]},{"@type":"BreadcrumbList","@id":"https:\/\/www.verbandssoftware.online\/unser-vorgehen\/#breadcrumb","itemListElement":[{"@type":"ListItem","position":1,"name":"Startseite","item":"https:\/\/www.verbandssoftware.online\/"},{"@type":"ListItem","position":2,"name":"Unser Vorgehen"}]},{"@type":"WebSite","@id":"https:\/\/www.verbandssoftware.online\/#website","url":"https:\/\/www.verbandssoftware.online\/","name":"Verbandssoftware","description":"SOFTWARE DIE FREIR\u00c4UME SCHAFFT","publisher":{"@id":"https:\/\/www.verbandssoftware.online\/#organization"},"potentialAction":[{"@type":"SearchAction","target":{"@type":"EntryPoint","urlTemplate":"https:\/\/www.verbandssoftware.online\/?s={search_term_string}"},"query-input":{"@type":"PropertyValueSpecification","valueRequired":true,"valueName":"search_term_string"}}],"inLanguage":"en-GB"},{"@type":"Organization","@id":"https:\/\/www.verbandssoftware.online\/#organization","name":"B&IT Group","url":"https:\/\/www.verbandssoftware.online\/","logo":{"@type":"ImageObject","inLanguage":"en-GB","@id":"https:\/\/www.verbandssoftware.online\/#\/schema\/logo\/image\/","url":"https:\/\/www.verbandssoftware.online\/wp-content\/uploads\/2018\/06\/BIT_Group_RGB_final_klein-1.png","contentUrl":"https:\/\/www.verbandssoftware.online\/wp-content\/uploads\/2018\/06\/BIT_Group_RGB_final_klein-1.png","width":1207,"height":336,"caption":"B&IT Group"},"image":{"@id":"https:\/\/www.verbandssoftware.online\/#\/schema\/logo\/image\/"},"sameAs":["https:\/\/www.facebook.com\/buit.group","https:\/\/x.com\/BuIT_Group","https:\/\/www.linkedin.com\/company\/buit-group\/"]}]}},"_links":{"self":[{"href":"https:\/\/www.verbandssoftware.online\/en\/wp-json\/wp\/v2\/pages\/3313","targetHints":{"allow":["GET"]}}],"collection":[{"href":"https:\/\/www.verbandssoftware.online\/en\/wp-json\/wp\/v2\/pages"}],"about":[{"href":"https:\/\/www.verbandssoftware.online\/en\/wp-json\/wp\/v2\/types\/page"}],"author":[{"embeddable":true,"href":"https:\/\/www.verbandssoftware.online\/en\/wp-json\/wp\/v2\/users\/1"}],"replies":[{"embeddable":true,"href":"https:\/\/www.verbandssoftware.online\/en\/wp-json\/wp\/v2\/comments?post=3313"}],"version-history":[{"count":2,"href":"https:\/\/www.verbandssoftware.online\/en\/wp-json\/wp\/v2\/pages\/3313\/revisions"}],"predecessor-version":[{"id":5179,"href":"https:\/\/www.verbandssoftware.online\/en\/wp-json\/wp\/v2\/pages\/3313\/revisions\/5179"}],"wp:attachment":[{"href":"https:\/\/www.verbandssoftware.online\/en\/wp-json\/wp\/v2\/media?parent=3313"}],"curies":[{"name":"wp","href":"https:\/\/api.w.org\/{rel}","templated":true}]}}