{"id":4783,"date":"2022-01-05T13:09:08","date_gmt":"2022-01-05T12:09:08","guid":{"rendered":"https:\/\/www.verbandssoftware.online\/?page_id=4783"},"modified":"2025-10-21T10:25:22","modified_gmt":"2025-10-21T08:25:22","slug":"unser-versprechen-2","status":"publish","type":"page","link":"https:\/\/www.verbandssoftware.online\/en\/unser-versprechen-2\/","title":{"rendered":"Our Promise"},"content":{"rendered":"<div class=\"wpb-content-wrapper\"><section class=\"vc_section page-2-subpages row-1 vc_custom_1699028922510 vc_section-has-fill\">    <section class=\"container-wrap  main-color\" style=\"height: 475px\" >\n\t\t<div class=\"section-container container\">\n\t\t\t<div class=\"vc_row wpb_row vc_row-fluid row\">\n\t\t\t\t<div class=\"wpb_column vc_column_container vc_col-sm-12\">\n    <div class=\"vc_column-inner\">\n        <div class=\"wpb_wrapper\">\n                <h1  style=\"font-size: 40px;color: #f7b50f;line-height: 50px;text-align: left\" data-uid=\"\" class=\"vc_custom_heading hintergrund\" id=\"\">\n        Our Promise    <\/h1>\n            <\/div>\n    <\/div>\n<\/div>\n\t\t\t<\/div>\n        <\/div>\n            <\/section>\n<\/section><section class=\"vc_section page-1 row-3\">    <section class=\"container-wrap  image-text-column-1 main-color\" style=\"\" >\n\t\t<div class=\"section-container container\">\n\t\t\t<div class=\"vc_row wpb_row vc_row-fluid row\">\n\t\t\t\t<div class=\"wpb_animate_when_almost_visible wpb_fadeIn fadeIn wpb_column vc_column_container vc_col-sm-12 vc_col-has-fill\">\n    <div class=\"vc_column-inner vc_custom_1641545866202\">\n        <div class=\"wpb_wrapper\">\n                <h3  style=\"color: #111111;text-align: left\" data-uid=\"\" class=\"vc_custom_heading heading vc_custom_1657524141606\" id=\"\">\n        I-taros software for associations, chambers and clubs is based on the latest software technology    <\/h3>\n    <div class=\"kleo_text_column wpb_text_column wpb_content_element  vc_custom_1657550561578 text\"  style=\" font-size:18px; line-height:28px; color:#707070;\">\n    <div class=\"wpb_wrapper\">\n        <p><em>No-Code<\/em> software offers you the greatest possible degree of flexibility. You can use our ready-made software for associations, clubs and chambers or we can compile the software according to your individual requirements. This happens without us writing a line of code (<em>No-Code<\/em>). And if you find out later that you want something changed or new needs arise after 2 years, it's no problem. We implement changes thanks to the <em>No-Code<\/em> technology quickly and cost-effectively.<\/p>\n    <\/div>\n<\/div>\n        <\/div>\n    <\/div>\n<\/div>\n\t\t\t<\/div>\n        <\/div>\n            <\/section>\n    <section class=\"container-wrap  image-text-column-1 main-color\" style=\"\" >\n\t\t<div class=\"section-container container\">\n\t\t\t<div class=\"vc_row wpb_row vc_row-fluid row\">\n\t\t\t\t<div class=\"wpb_animate_when_almost_visible wpb_fadeIn fadeIn wpb_column vc_column_container vc_col-sm-12 vc_col-has-fill\">\n    <div class=\"vc_column-inner vc_custom_1641545876071\">\n        <div class=\"wpb_wrapper\">\n                <h3  style=\"color: #111111;text-align: left\" data-uid=\"\" class=\"vc_custom_heading heading vc_custom_1657550783509\" id=\"\">\n        The following advantages distinguish our no-code software for associations, chambers and clubs:    <\/h3>\n    <div class=\"kleo_text_column wpb_text_column wpb_content_element  vc_custom_1657550833099 text\"  style=\" font-size:18px; line-height:28px; color:#707070;\">\n    <div class=\"wpb_wrapper\">\n        <p><i class=\"icon-plus icon-12px\"><\/i>  Create new applications or extend existing ones without writing a line of code.<\/p>\n<p><i class=\"icon-plus icon-12px\"><\/i>  Connection to existing solutions by means of ready-configured interfaces.<\/p>\n<p><i class=\"icon-plus icon-12px\"><\/i>  User-friendly due to flexible adaptability of the user interface.<\/p>\n<p><i class=\"icon-plus icon-12px\"><\/i>  Cloud-based - we take care of software updates, server security and backups of your data on German servers.<\/p>\n<p><i class=\"icon-plus icon-12px\"><\/i>  Future-proof through continuous further development of the platform as well as integration of existing systems.<\/p>\n<p><i class=\"icon-plus icon-12px\"><\/i>  Personal support by experienced support staff.<\/p>\n    <\/div>\n<\/div>\n        <\/div>\n    <\/div>\n<\/div>\n\t\t\t<\/div>\n        <\/div>\n            <\/section>\n<\/section><section class=\"vc_section wpb_animate_when_almost_visible wpb_fadeInUp fadeInUp vc_custom_1642096717848 vc_section-has-fill\">    <section class=\"container-wrap  main-color\" style=\"\" >\n\t\t<div class=\"section-container container\">\n\t\t\t<div class=\"vc_row wpb_row vc_row-fluid row\">\n\t\t\t\t<div class=\"wpb_column vc_column_container vc_col-sm-6\">\n    <div class=\"vc_column-inner\">\n        <div class=\"wpb_wrapper\">\n            <div class=\"wpb_single_image wpb_content_element vc_align_left\">\n\t\t<figure class=\"wpb_wrapper vc_figure\">\n\t\t\t\t\t<div class=\"vc_single_image-wrapper   vc_box_border_grey\">\n\t\t\t\t<img loading=\"lazy\" decoding=\"async\" width=\"570\" height=\"450\" src=\"https:\/\/www.verbandssoftware.online\/wp-content\/uploads\/2018\/06\/Gruppe-584.png\" class=\"vc_single_image-img attachment-full\" alt=\"Zwei Personen geben sich die Hand, dahinter ein Vertrag\" title=\"Gruppe 584\" \/>\t\t\t<\/div>\n\t\t\t\t\t\t<\/figure>\n<\/div>\n        <\/div>\n    <\/div>\n<\/div>\n<div class=\"wpb_column vc_column_container vc_col-sm-6\">\n    <div class=\"vc_column-inner\">\n        <div class=\"wpb_wrapper\">\n            <div class=\"kleo_text_column wpb_text_column wpb_content_element  form-heading\"  style=\" font-size:24px; line-height:29px; font-weight:bold; color:#707070;\">\n    <div class=\"wpb_wrapper\">\n        <p>Would you like to learn more about our services?<\/p>\n    <\/div>\n<\/div>\n    <h6  style=\"font-size: 18px;color: #111111;line-height: 22px;text-align: left\" data-uid=\"\" class=\"vc_custom_heading form-text\" id=\"\">\n        Book your preferred date\u2014we look forward to talking to you.    <\/h6>\n    \n\t<div class=\"wpb_raw_code wpb_raw_html wpb_content_element\" >\n\t\t<div class=\"wpb_wrapper\">\n\t\t\t<!-- Calendly Inline-Widget Beginn -->\n<div class=\"calendly-inline-widget\" data-url=\"https:\/\/calendly.com\/jochen-kuhmann\/neues-meeting?hide_event_type_details=1&hide_gdpr_banner=1\" style=\"min-width:320px;height:300px;\"><\/div>\n<script type=\"text\/javascript\" src=\"https:\/\/assets.calendly.com\/assets\/external\/widget.js\" async><\/script>\n<!-- Calendly Inline-Widget Ende -->\n\t\t<\/div>\n\t<\/div>\n        <\/div>\n    <\/div>\n<\/div>\n\t\t\t<\/div>\n        <\/div>\n            <\/section>\n<\/section>\n<\/div>","protected":false},"excerpt":{"rendered":"Unser Versprechen I-taros Software f\u00fcr Verb\u00e4nde, Kammern und Vereine basiert auf der modernsten Software Technologie No-Code Software bietet Ihnen ein gr\u00f6\u00dftm\u00f6gliches Ma\u00df an Flexibilit\u00e4t. Sie\u00a0 nutzen unsere fertige Software f\u00fcr Verb\u00e4nde, Vereine und Kammern oder wir stellen die Software nach Ihren individuellen Erfordernissen zusammen. Dies geschieht ohne das wir eine Zeile Code schreiben (No-Code). Und falls Sie nachtr\u00e4glich feststellen, dass [...]","protected":false},"author":3,"featured_media":0,"parent":0,"menu_order":1,"comment_status":"closed","ping_status":"closed","template":"","meta":{"footnotes":""},"class_list":["post-4783","page","type-page","status-publish","hentry"],"yoast_head":"<!-- This site is optimized with the Yoast SEO plugin v26.8 - https:\/\/yoast.com\/product\/yoast-seo-wordpress\/ -->\n<title>Unser Versprechen - Verbandssoftware<\/title>\n<meta name=\"description\" content=\"Unser Versprechen: Zeigen Sie uns ein Vergleichsangebot und wir bieten einen g\u00fcnstigeren Preis mit mindestens identischem Leistungsumfang\" \/>\n<meta name=\"robots\" content=\"index, follow, max-snippet:-1, max-image-preview:large, max-video-preview:-1\" \/>\n<link rel=\"canonical\" href=\"https:\/\/www.verbandssoftware.online\/en\/unser-versprechen-2\/\" \/>\n<meta property=\"og:locale\" content=\"en_GB\" \/>\n<meta property=\"og:type\" content=\"article\" \/>\n<meta property=\"og:title\" content=\"Unser Versprechen - Verbandssoftware\" \/>\n<meta property=\"og:description\" content=\"Unser Versprechen: Zeigen Sie uns ein Vergleichsangebot und wir bieten einen g\u00fcnstigeren Preis mit mindestens identischem Leistungsumfang\" \/>\n<meta property=\"og:url\" content=\"https:\/\/www.verbandssoftware.online\/en\/unser-versprechen-2\/\" \/>\n<meta property=\"og:site_name\" content=\"Verbandssoftware\" \/>\n<meta property=\"article:publisher\" content=\"https:\/\/www.facebook.com\/buit.group\" \/>\n<meta property=\"article:modified_time\" content=\"2025-10-21T08:25:22+00:00\" \/>\n<meta name=\"twitter:card\" content=\"summary_large_image\" \/>\n<meta name=\"twitter:site\" content=\"@BuIT_Group\" \/>\n<meta name=\"twitter:label1\" content=\"Estimated reading time\" \/>\n\t<meta name=\"twitter:data1\" content=\"3 minutes\" \/>\n<script type=\"application\/ld+json\" class=\"yoast-schema-graph\">{\"@context\":\"https:\/\/schema.org\",\"@graph\":[{\"@type\":\"WebPage\",\"@id\":\"https:\/\/www.verbandssoftware.online\/unser-versprechen-2\/\",\"url\":\"https:\/\/www.verbandssoftware.online\/unser-versprechen-2\/\",\"name\":\"Unser Versprechen - Verbandssoftware\",\"isPartOf\":{\"@id\":\"https:\/\/www.verbandssoftware.online\/#website\"},\"datePublished\":\"2022-01-05T12:09:08+00:00\",\"dateModified\":\"2025-10-21T08:25:22+00:00\",\"description\":\"Unser Versprechen: Zeigen Sie uns ein Vergleichsangebot und wir bieten einen g\u00fcnstigeren Preis mit mindestens identischem Leistungsumfang\",\"breadcrumb\":{\"@id\":\"https:\/\/www.verbandssoftware.online\/unser-versprechen-2\/#breadcrumb\"},\"inLanguage\":\"en-GB\",\"potentialAction\":[{\"@type\":\"ReadAction\",\"target\":[\"https:\/\/www.verbandssoftware.online\/unser-versprechen-2\/\"]}]},{\"@type\":\"BreadcrumbList\",\"@id\":\"https:\/\/www.verbandssoftware.online\/unser-versprechen-2\/#breadcrumb\",\"itemListElement\":[{\"@type\":\"ListItem\",\"position\":1,\"name\":\"Startseite\",\"item\":\"https:\/\/www.verbandssoftware.online\/\"},{\"@type\":\"ListItem\",\"position\":2,\"name\":\"Unser Versprechen\"}]},{\"@type\":\"WebSite\",\"@id\":\"https:\/\/www.verbandssoftware.online\/#website\",\"url\":\"https:\/\/www.verbandssoftware.online\/\",\"name\":\"Verbandssoftware\",\"description\":\"SOFTWARE DIE FREIR\u00c4UME SCHAFFT\",\"publisher\":{\"@id\":\"https:\/\/www.verbandssoftware.online\/#organization\"},\"potentialAction\":[{\"@type\":\"SearchAction\",\"target\":{\"@type\":\"EntryPoint\",\"urlTemplate\":\"https:\/\/www.verbandssoftware.online\/?s={search_term_string}\"},\"query-input\":{\"@type\":\"PropertyValueSpecification\",\"valueRequired\":true,\"valueName\":\"search_term_string\"}}],\"inLanguage\":\"en-GB\"},{\"@type\":\"Organization\",\"@id\":\"https:\/\/www.verbandssoftware.online\/#organization\",\"name\":\"B&IT Group\",\"url\":\"https:\/\/www.verbandssoftware.online\/\",\"logo\":{\"@type\":\"ImageObject\",\"inLanguage\":\"en-GB\",\"@id\":\"https:\/\/www.verbandssoftware.online\/#\/schema\/logo\/image\/\",\"url\":\"https:\/\/www.verbandssoftware.online\/wp-content\/uploads\/2018\/06\/BIT_Group_RGB_final_klein-1.png\",\"contentUrl\":\"https:\/\/www.verbandssoftware.online\/wp-content\/uploads\/2018\/06\/BIT_Group_RGB_final_klein-1.png\",\"width\":1207,\"height\":336,\"caption\":\"B&IT Group\"},\"image\":{\"@id\":\"https:\/\/www.verbandssoftware.online\/#\/schema\/logo\/image\/\"},\"sameAs\":[\"https:\/\/www.facebook.com\/buit.group\",\"https:\/\/x.com\/BuIT_Group\",\"https:\/\/www.linkedin.com\/company\/buit-group\/\"]}]}<\/script>\n<!-- \/ Yoast SEO plugin. -->","yoast_head_json":{"title":"Unser Versprechen - Verbandssoftware","description":"Unser Versprechen: Zeigen Sie uns ein Vergleichsangebot und wir bieten einen g\u00fcnstigeren Preis mit mindestens identischem Leistungsumfang","robots":{"index":"index","follow":"follow","max-snippet":"max-snippet:-1","max-image-preview":"max-image-preview:large","max-video-preview":"max-video-preview:-1"},"canonical":"https:\/\/www.verbandssoftware.online\/en\/unser-versprechen-2\/","og_locale":"en_GB","og_type":"article","og_title":"Unser Versprechen - Verbandssoftware","og_description":"Unser Versprechen: Zeigen Sie uns ein Vergleichsangebot und wir bieten einen g\u00fcnstigeren Preis mit mindestens identischem Leistungsumfang","og_url":"https:\/\/www.verbandssoftware.online\/en\/unser-versprechen-2\/","og_site_name":"Verbandssoftware","article_publisher":"https:\/\/www.facebook.com\/buit.group","article_modified_time":"2025-10-21T08:25:22+00:00","twitter_card":"summary_large_image","twitter_site":"@BuIT_Group","twitter_misc":{"Estimated reading time":"3 minutes"},"schema":{"@context":"https:\/\/schema.org","@graph":[{"@type":"WebPage","@id":"https:\/\/www.verbandssoftware.online\/unser-versprechen-2\/","url":"https:\/\/www.verbandssoftware.online\/unser-versprechen-2\/","name":"Unser Versprechen - Verbandssoftware","isPartOf":{"@id":"https:\/\/www.verbandssoftware.online\/#website"},"datePublished":"2022-01-05T12:09:08+00:00","dateModified":"2025-10-21T08:25:22+00:00","description":"Unser Versprechen: Zeigen Sie uns ein Vergleichsangebot und wir bieten einen g\u00fcnstigeren Preis mit mindestens identischem Leistungsumfang","breadcrumb":{"@id":"https:\/\/www.verbandssoftware.online\/unser-versprechen-2\/#breadcrumb"},"inLanguage":"en-GB","potentialAction":[{"@type":"ReadAction","target":["https:\/\/www.verbandssoftware.online\/unser-versprechen-2\/"]}]},{"@type":"BreadcrumbList","@id":"https:\/\/www.verbandssoftware.online\/unser-versprechen-2\/#breadcrumb","itemListElement":[{"@type":"ListItem","position":1,"name":"Startseite","item":"https:\/\/www.verbandssoftware.online\/"},{"@type":"ListItem","position":2,"name":"Unser Versprechen"}]},{"@type":"WebSite","@id":"https:\/\/www.verbandssoftware.online\/#website","url":"https:\/\/www.verbandssoftware.online\/","name":"Verbandssoftware","description":"SOFTWARE DIE FREIR\u00c4UME SCHAFFT","publisher":{"@id":"https:\/\/www.verbandssoftware.online\/#organization"},"potentialAction":[{"@type":"SearchAction","target":{"@type":"EntryPoint","urlTemplate":"https:\/\/www.verbandssoftware.online\/?s={search_term_string}"},"query-input":{"@type":"PropertyValueSpecification","valueRequired":true,"valueName":"search_term_string"}}],"inLanguage":"en-GB"},{"@type":"Organization","@id":"https:\/\/www.verbandssoftware.online\/#organization","name":"B&IT Group","url":"https:\/\/www.verbandssoftware.online\/","logo":{"@type":"ImageObject","inLanguage":"en-GB","@id":"https:\/\/www.verbandssoftware.online\/#\/schema\/logo\/image\/","url":"https:\/\/www.verbandssoftware.online\/wp-content\/uploads\/2018\/06\/BIT_Group_RGB_final_klein-1.png","contentUrl":"https:\/\/www.verbandssoftware.online\/wp-content\/uploads\/2018\/06\/BIT_Group_RGB_final_klein-1.png","width":1207,"height":336,"caption":"B&IT Group"},"image":{"@id":"https:\/\/www.verbandssoftware.online\/#\/schema\/logo\/image\/"},"sameAs":["https:\/\/www.facebook.com\/buit.group","https:\/\/x.com\/BuIT_Group","https:\/\/www.linkedin.com\/company\/buit-group\/"]}]}},"_links":{"self":[{"href":"https:\/\/www.verbandssoftware.online\/en\/wp-json\/wp\/v2\/pages\/4783","targetHints":{"allow":["GET"]}}],"collection":[{"href":"https:\/\/www.verbandssoftware.online\/en\/wp-json\/wp\/v2\/pages"}],"about":[{"href":"https:\/\/www.verbandssoftware.online\/en\/wp-json\/wp\/v2\/types\/page"}],"author":[{"embeddable":true,"href":"https:\/\/www.verbandssoftware.online\/en\/wp-json\/wp\/v2\/users\/3"}],"replies":[{"embeddable":true,"href":"https:\/\/www.verbandssoftware.online\/en\/wp-json\/wp\/v2\/comments?post=4783"}],"version-history":[{"count":2,"href":"https:\/\/www.verbandssoftware.online\/en\/wp-json\/wp\/v2\/pages\/4783\/revisions"}],"predecessor-version":[{"id":5177,"href":"https:\/\/www.verbandssoftware.online\/en\/wp-json\/wp\/v2\/pages\/4783\/revisions\/5177"}],"wp:attachment":[{"href":"https:\/\/www.verbandssoftware.online\/en\/wp-json\/wp\/v2\/media?parent=4783"}],"curies":[{"name":"wp","href":"https:\/\/api.w.org\/{rel}","templated":true}]}}