{"id":5,"date":"2014-08-18T10:25:24","date_gmt":"2014-08-18T10:25:24","guid":{"rendered":"http:\/\/seventhqueen.com\/themes\/kleo\/demo-portfolio\/?page_id=5"},"modified":"2024-12-18T14:29:26","modified_gmt":"2024-12-18T13:29:26","slug":"test","status":"publish","type":"page","link":"https:\/\/www.verbandssoftware.online\/en\/","title":{"rendered":"Home"},"content":{"rendered":"<div class=\"wpb-content-wrapper\"><div class=\"wpb_column vc_column_container vc_col-sm-8\">\n    <div class=\"vc_column-inner\">\n        <div class=\"wpb_wrapper\">\n                    <\/div>\n    <\/div>\n<\/div>\n<section class=\"vc_section homepage row-1 vc_custom_1638371120025 vc_section-has-fill\">    <section class=\"container-wrap  main-color\" style=\"\" >\n\t\t<div class=\"section-container container\">\n\t\t\t<div class=\"vc_row wpb_row vc_row-fluid row\">\n\t\t\t\t<div class=\"wpb_column vc_column_container vc_col-sm-12\">\n    <div class=\"vc_column-inner\">\n        <div class=\"wpb_wrapper\">\n                <h1  style=\"font-size: 40px;color: #ffffff;line-height: 48px;text-align: left\" data-uid=\"\" class=\"vc_custom_heading heading\" id=\"\">\n        No-code software that creates freedom    <\/h1>\n    <div class=\"wpb_single_image wpb_content_element vc_align_left vc_custom_1651844867852 hidden-xs hidden-sm\">\n\t\t<figure class=\"wpb_wrapper vc_figure\">\n\t\t\t\t\t<div class=\"vc_single_image-wrapper   vc_box_border_grey\">\n\t\t\t\t<img loading=\"lazy\" decoding=\"async\" width=\"150\" height=\"150\" src=\"https:\/\/www.verbandssoftware.online\/wp-content\/uploads\/2022\/05\/Logo-Hosted-in-Germany-150x150.png\" class=\"vc_single_image-img attachment-thumbnail\" alt=\"\" title=\"Logo---Hosted-in-Germany\" \/>\t\t\t<\/div>\n\t\t\t\t\t\t<\/figure>\n<\/div>\n        <\/div>\n    <\/div>\n<\/div>\n\t\t\t<\/div>\n        <\/div>\n            <\/section>\n<\/section>    <section class=\"container-wrap  homepage heading main-color  text-center\" style=\"\" >\n\t\t<div class=\"section-container container-full\">\n\t\t\t<div class=\"vc_row wpb_row vc_row-fluid row\">\n\t\t\t\t<div class=\"wpb_animate_when_almost_visible wpb_fadeIn fadeIn wpb_column vc_column_container vc_col-sm-12\">\n    <div class=\"vc_column-inner\">\n        <div class=\"wpb_wrapper\">\n            <div class=\"kleo_text_column wpb_text_column wpb_content_element\"  style=\" font-size:30px; line-height:45px; font-weight:bold;\">\n    <div class=\"wpb_wrapper\">\n        <p style=\"text-align: center;\">Welcome to <span class=\"TextRun Highlight MacChromeBold SCXW23608109 BCX0\" lang=\"DE-DE\" xml:lang=\"DE-DE\" data-contrast=\"auto\"><span class=\"NormalTextRun SCXW23608109 BCX0\">i-taros for associations, clubs and chambers<\/span><\/span><\/p>\n    <\/div>\n<\/div>\n        <\/div>\n    <\/div>\n<\/div>\n\t\t\t<\/div>\n        <\/div>\n            <\/section>\n    <section class=\"container-wrap  homepage row-2 text main-color\" style=\"\" >\n\t\t<div class=\"section-container container\">\n\t\t\t<div class=\"vc_row wpb_row vc_row-fluid row\">\n\t\t\t\t<div class=\"wpb_animate_when_almost_visible wpb_fadeIn fadeIn wpb_column vc_column_container vc_col-sm-12\">\n    <div class=\"vc_column-inner\">\n        <div class=\"wpb_wrapper\">\n            <div class=\"kleo_text_column wpb_text_column wpb_content_element  animated animate-when-visible el-fade\"  style=\" font-size:22px; line-height:33px; color:#3C3C3C;\">\n    <div class=\"wpb_wrapper\">\n        <p><span data-contrast=\"auto\">Discover here how i-taros can digitise your work in your association, club or chamber and make it more efficient.\u00a0<\/span><span data-ccp-props=\"{}\">\u00a0<\/span><\/p>\n<p><span data-contrast=\"auto\">Our experienced customer service team takes the time to understand your processes and requirements. We then adapt i-taros to your requirements, no matter how complex they may be.\u00a0<\/span><span data-ccp-props=\"{}\">\u00a0<\/span><\/p>\n    <\/div>\n<\/div>\n        <\/div>\n    <\/div>\n<\/div>\n\t\t\t<\/div>\n        <\/div>\n            <\/section>\n<section class=\"vc_section homepage row-3 vc_custom_1625131812593 vc_section-has-fill\">    <section class=\"container-wrap  main-color\" style=\"\" >\n\t\t<div class=\"section-container container\">\n\t\t\t<div class=\"vc_row wpb_row vc_row-fluid row\">\n\t\t\t\t<div class=\"wpb_animate_when_almost_visible wpb_fadeIn fadeIn wpb_column vc_column_container vc_col-sm-12\">\n    <div class=\"vc_column-inner\">\n        <div class=\"wpb_wrapper\">\n            <div class=\"kleo_text_column wpb_text_column wpb_content_element\" >\n    <div class=\"wpb_wrapper\">\n        \t<div class=\"homepage-grids\">\n\t\t<div class=\"row\">\n\t\t\t\n\t\t\t<div class=\"col-md-4\">\n\t\t\t\t<div class=\"each-grid\">\n\t\t\t\t\t<img decoding=\"async\" src=\"\/wp-content\/uploads\/2018\/06\/Gruppe-585.png\" alt=\"Mitgliederverwaltung\" title=\"Member Management\" loading=\"lazy\">\n\t\t\t\t<\/div>\n\t\t\t\t<h3>Member Management<\/h3>\n\t\t\t\t<h6>Manage your current members, groups and networks. Provide the best service and at-tract new members.<\/h6>\n\t\t\t\t<span class=\"link-text\"> <a href=\"\/en\/mitgliederverwaltung\/\"> <u>Learn more<\/u> <\/a><\/span>\n\t\t\t<\/div>\n\n\t\t\t<div class=\"col-md-4\">\n\t\t\t\t<div class=\"each-grid\">\n\t\t\t\t\t<img decoding=\"async\" src=\"\/wp-content\/uploads\/2018\/06\/Gruppe-586.png\" alt=\"Verbands und Gremienverwaltung\" title=\"Verbands und Gremienverwaltung\" loading=\"lazy\">\n\t\t\t\t<\/div>\n\t\t\t\t<h3>Organization Management<\/h3>\n\t\t\t\t<h6>An extensive library of standard solutions to take care of your back-office activities . from finances to your employee\u2019s daily tasks.<\/h6>\n\t\t\t\t<span class=\"link-text\"><a href=\"\/en\/verband-und-gremien\/\"> <u>Learn more<\/u> <\/a><\/span>\n\t\t\t<\/div>\n\t\t\t\n\t\t\t<div class=\"col-md-4\">\n\t\t\t\t<div class=\"each-grid\">\n\t\t\t\t\t<img decoding=\"async\" src=\"\/wp-content\/uploads\/2018\/06\/Gruppe-591.png\" alt=\"Veranstaltungsverwaltung\" title=\"Event Management\" loading=\"lazy\">\n\t\t\t\t<\/div>\n\t\t\t\t<h3>Event Management<\/h3>\n\t\t\t\t<h6>Use the CMS-based website and member portal for your content and diverse digital services for your members &amp; non-members.<\/h6>\n\t\t\t\t<span class=\"link-text\"><a href=\"\/en\/veranstaltungsverwaltung\/\"> <u>Learn more<\/u> <\/a><\/span>\n\t\t\t<\/div>\n\n\t\t\t<div class=\"col-md-4\">\n\t\t\t\t<div class=\"each-grid\">\n\t\t\t\t\t<img decoding=\"async\" src=\"\/wp-content\/uploads\/2018\/06\/Gruppe-587.png\" alt=\"Website Anbindung\" title=\"Connector for Website and Member Portal\" loading=\"lazy\">\n\t\t\t\t<\/div>\n\t\t\t\t<h3>Connector for Website and Member Portal<\/h3>\n\t\t\t\t<h6>Enable seamless management of internal and external communications and effective collaboration through digital work organization.<\/h6>\n\t\t\t\t<span class=\"link-text\"><a href=\"\/en\/webseite-mitgliederportal\/\"> <u>Learn more<\/u> <\/a><\/span>\n\t\t\t<\/div>\n\n\t\t\t<div class=\"col-md-4\">\n\t\t\t\t<div class=\"each-grid\">\n\t\t\t\t\t<img decoding=\"async\" src=\"\/wp-content\/uploads\/2018\/06\/Gruppe-589.png\" alt=\"Kommunikation und Zusammenarbeit\"\ttitle=\"Kommunikation und Zusammenarbeit\" loading=\"lazy\">\n\t\t\t\t<\/div>\n\t\t\t\t<h3>Communication and Collaboration<\/h3>\n\t\t\t\t<h6>Organize events that inspire. i-taros supports you in planning, organization, implementation and follow-up of events.<\/h6>\n\t\t\t\t<span class=\"link-text\"><a href=\"\/en\/kommunikation-zusammenarbeit\/\"> <u>Learn more<\/u> <\/a><\/span>\n\t\t\t<\/div>\n\t\t\n\t\t<!--\t<div class=\"col-md-4\">\n\t\t\t\t<div class=\"each-grid\">\n\t\t\t\t\t<img decoding=\"async\" src=\"\/wp-content\/uploads\/2018\/06\/Gruppe-593.png\" alt=\"Fort- und Weiterbildung\" title=\"Fort- und Weiterbildung\" loading=\"lazy\">\t\n\t\t\t\t<\/div>\n\t\t\t\t<h3>Fort- & Weiterbildung<\/h3>\n\t\t\t\t<h6>Digitalisieren Sie Ihr Trainings- und Qualifizierungs- <\/br> management. Organisieren Sie effizient Seminare sowie Zertifikate und Anerkennungsverfahren.<\/h6>\n\t\t\t\t<span class=\"link-text\"><a href=\"\/fort-und-weiterbildung\/\"> <u>Mehr dazu<\/u> <\/a><\/span>\n\t\t\t<\/div> -->\n\n\t\t\t<div class=\"col-md-4\">\n\t\t\t\t<div class=\"each-grid\">\n\t\t\t\t\t<img decoding=\"async\" src=\"\/wp-content\/uploads\/2018\/06\/Gruppe-592.png\" alt=\"Grundlegende Funktionen\" title=\"Basic functions\" loading=\"lazy\">\n\t\t\t\t<\/div>\n\t\t\t\t<h3>Basic functions<\/h3>\n\t\t\t\t<h6>Make your work easier with the help of i-taros' wide range of functions - create reports, create search agents and much more.<\/h6>\n\t\t\t\t<span class=\"link-text\"><a href=\"\/en\/grundlegende-funktionen\/\"> <u>Learn more<\/u> <\/a><\/span>\n\t\t\t<\/div>\n\t\t\t\t\n\t\t<\/div>\n\t<\/div>\n\t<div>\n<div><\/div>\n<\/div>\n    <\/div>\n<\/div>\n        <\/div>\n    <\/div>\n<\/div>\n\t\t\t<\/div>\n        <\/div>\n            <\/section>\n<\/section><section class=\"vc_section homepage row-7\">    <section class=\"container-wrap  main-color\" style=\"\" >\n\t\t<div class=\"section-container container\">\n\t\t\t<div class=\"vc_row wpb_row vc_row-fluid row\">\n\t\t\t\t<div class=\"wpb_animate_when_almost_visible wpb_fadeIn fadeIn wpb_column vc_column_container vc_col-sm-12\">\n    <div class=\"vc_column-inner\">\n        <div class=\"wpb_wrapper\">\n                <h2  style=\"font-size: 30px;color: #3C3C3C;line-height: 36px;text-align: center\" data-uid=\"\" class=\"vc_custom_heading heading translation-block\" id=\"\">Awarded. Recognized. Innovative. <br>\nSimply i-taros.<\/h2>\n            <\/div>\n    <\/div>\n<\/div>\n\t\t\t<\/div>\n        <\/div>\n            <\/section>\n<\/section>    <section class=\"container-wrap  main-color\" style=\"\" >\n\t\t<div class=\"section-container container\">\n\t\t\t<div class=\"vc_row wpb_row vc_row-fluid row\">\n\t\t\t\t<div class=\"wpb_column vc_column_container vc_col-sm-12\">\n    <div class=\"vc_column-inner\">\n        <div class=\"wpb_wrapper\">\n            <div class=\"kleo_text_column wpb_text_column wpb_content_element\" >\n    <div class=\"wpb_wrapper\">\n        \t<div class=\"client-logos\">\n\t\t<div class=\"row\">\n\t\t\t<div class=\"col-lg-6 first-four-logos\">\n\t\t\t\t<div class=\"row\">\n\t\t\t\t\t<div class=\"col-sm-3 each-logo\">\n\t\t\t\t\t\t<img decoding=\"async\" src=\"\/wp-content\/uploads\/2018\/06\/external-content.duckduckgo-1.png\" alt=\"\">\n\t\t\t\t\t<\/div>\n\t\t\t\t\t<div class=\"col-sm-3 each-logo\">\n\t\t\t\t\t\t<img decoding=\"async\" src=\"\/wp-content\/uploads\/2018\/06\/external-content.duckduckgo.png\" alt=\"\">\n\t\t\t\t\t<\/div>\n\t\t\t\t\t<div class=\"col-sm-3 each-logo\">\n\t\t\t\t\t\t<img decoding=\"async\" src=\"\/wp-content\/uploads\/2021\/06\/Bild-24.png\" alt=\"\">\n\t\t\t\t\t<\/div>\n\t\t\t\t\t<div class=\"col-sm-3 each-logo\">\n\t\t\t\t\t\t<img decoding=\"async\" src=\"\/wp-content\/uploads\/2021\/06\/Bild-25.png\" alt=\"\">\n\t\t\t\t\t<\/div>\n\t\t\t\t<\/div>\n\t\t\t<\/div> \n\t\t\t<div class=\"col-lg-6 second-four-logos\">\n\t\t\t\t<div class=\"row\">\n\t\t\t\t\t<div class=\"col-sm-3 each-logo\">\n\t\t\t\t\t\t<img decoding=\"async\" src=\"\/wp-content\/uploads\/2018\/06\/Forschung_und_Entwicklung_2022_web-e1650461353777.png\" alt=\"\">\t\n\t\t\t\t\t<\/div>\n\t\t\t\t\t<div class=\"col-sm-3 each-logo\">\n\t\t\t\t\t\t<img decoding=\"async\" src=\"\/wp-content\/uploads\/2021\/06\/Bild-27.png\" alt=\"\">\n\t\t\t\t\t<\/div>\n\t\t\t\t\t<div class=\"col-sm-3 each-logo\">\n\t\t\t\t\t\t<img decoding=\"async\" src=\"\/wp-content\/uploads\/2021\/06\/Bild-28.png\" alt=\"\"> <span class=\"gold-winner-text\"> <strong>3x<\/strong> <\/span>\n\t\t\t\t\t<\/div>\n\t\t\t\t\t<div class=\"col-sm-3 each-logo\">\n\t\t\t\t\t\t<img decoding=\"async\" src=\"\/wp-content\/uploads\/2021\/06\/Bild-29.png\" alt=\"\">\n\t\t\t\t\t<\/div>\n\t\t\t\t<\/div>\n\t\t\t<\/div>\n\t\t<\/div>\n\t<\/div>\n\t<div>\n<div><\/div>\n<\/div>\n    <\/div>\n<\/div>\n        <\/div>\n    <\/div>\n<\/div>\n\t\t\t<\/div>\n        <\/div>\n            <\/section>\n<section class=\"vc_section homepage row-4 vc_custom_1633530794449 vc_section-has-fill\">    <section class=\"container-wrap  image-text-column main-color\" style=\"\" >\n\t\t<div class=\"section-container container\">\n\t\t\t<div class=\"vc_row wpb_row vc_row-fluid row\">\n\t\t\t\t<div class=\"wpb_animate_when_almost_visible wpb_fadeInLeft fadeInLeft wpb_column vc_column_container vc_col-sm-8\">\n    <div class=\"vc_column-inner\">\n        <div class=\"wpb_wrapper\">\n                <h1  style=\"font-size: 30px;color: #111111;line-height: 45px;text-align: left\" data-uid=\"\" class=\"vc_custom_heading heading\" id=\"\">\n        Benefits of i-taros Solution for Non-Profit Organizations    <\/h1>\n    <div class=\"kleo_text_column wpb_text_column wpb_content_element  text\"  style=\" font-size:22px; line-height:33px;\">\n    <div class=\"wpb_wrapper\">\n        <p style=\"text-align: left;\">\u2022 <strong>Quick availability<\/strong> and <strong>easy extensibility<\/strong><br \/>\n\u2022 Patented <strong>No-Code Software,<\/strong> based on the cloud<br \/>\n\u2022 Individual, <strong>competent software consulting<\/strong><br \/>\n\u2022 <strong>Digitization check<\/strong> with IT experts<br \/>\n\u2022 <strong>Customer oriented prices<\/strong> and <strong>conditions<\/strong><br \/>\n\u2022 More competent <strong>personal service<\/strong> and <strong>support\u00a0<\/strong><\/p>\n    <\/div>\n<\/div>\n        <\/div>\n    <\/div>\n<\/div>\n<div class=\"wpb_animate_when_almost_visible wpb_fadeInRight fadeInRight wpb_column vc_column_container vc_col-sm-4\">\n    <div class=\"vc_column-inner\">\n        <div class=\"wpb_wrapper\">\n            <div class=\"wpb_single_image wpb_content_element vc_align_left  image-girl\">\n\t\t<figure class=\"wpb_wrapper vc_figure\">\n\t\t\t\t\t<div class=\"vc_single_image-wrapper   vc_box_border_grey\">\n\t\t\t\t<img loading=\"lazy\" decoding=\"async\" width=\"570\" height=\"315\" src=\"https:\/\/www.verbandssoftware.online\/wp-content\/uploads\/2021\/10\/Gruppe-594.png\" class=\"vc_single_image-img attachment-full\" alt=\"Frau mit Ballon\" title=\"Gruppe 594\" \/>\t\t\t<\/div>\n\t\t\t\t\t\t<\/figure>\n<\/div>\n        <\/div>\n    <\/div>\n<\/div>\n\t\t\t<\/div>\n        <\/div>\n            <\/section>\n<\/section>    <section class=\"container-wrap  main-color\" style=\"\" >\n\t\t<div class=\"section-container container\">\n\t\t\t<div class=\"vc_row wpb_row vc_row-fluid row\">\n\t\t\t\t<div class=\"wpb_column vc_column_container vc_col-sm-12\">\n    <div class=\"vc_column-inner\">\n        <div class=\"wpb_wrapper\">\n            <div class=\"kleo_text_column wpb_text_column wpb_content_element\" >\n    <div class=\"wpb_wrapper\">\n        \n    <\/div>\n<\/div>\n        <\/div>\n    <\/div>\n<\/div>\n\t\t\t<\/div>\n        <\/div>\n            <\/section>\n<\/div>","protected":false},"excerpt":{"rendered":"No-Code Software die Freir\u00e4ume schafft Herzlich willkommen zu i-taros f\u00fcr Verb\u00e4nde, Vereine und Kammern Entdecken Sie hier wie i-taros ihre Arbeit im Verband, Verein oder Kammer digitalisieren und effizienter machen kann.\u00a0\u00a0 Unser erfahrenes Kunden Team nimmt sich Zeit Ihre Prozesse und Anforderungen zu verstehen. Wir passen nachfolgend i-taros an Ihre, auch komplexen, Anforderungen an.\u00a0\u00a0 Mitgliederverwaltung Verwalten Sie Ihre aktuellen Mitglieder, [...]","protected":false},"author":1,"featured_media":0,"parent":0,"menu_order":0,"comment_status":"closed","ping_status":"closed","template":"page-templates\/full-width.php","meta":{"footnotes":""},"class_list":["post-5","page","type-page","status-publish","hentry"],"yoast_head":"<!-- This site is optimized with the Yoast SEO plugin v26.8 - https:\/\/yoast.com\/product\/yoast-seo-wordpress\/ -->\n<title>Software f\u00fcr Verb\u00e4nde, Kammern &amp; Vereine<\/title>\n<meta name=\"description\" content=\"Digitalisierung war noch nie so einfach mit der i-taros Software f\u00fcr Verb\u00e4nde, Vereine &amp; Kammern. Einfach, skalierbar &amp; preiswert.\" \/>\n<meta name=\"robots\" content=\"index, follow, max-snippet:-1, max-image-preview:large, max-video-preview:-1\" \/>\n<link rel=\"canonical\" href=\"https:\/\/www.verbandssoftware.online\/en\/\" \/>\n<meta property=\"og:locale\" content=\"en_GB\" \/>\n<meta property=\"og:type\" content=\"article\" \/>\n<meta property=\"og:title\" content=\"Software f\u00fcr Verb\u00e4nde, Kammern &amp; Vereine\" \/>\n<meta property=\"og:description\" content=\"Digitalisierung war noch nie so einfach mit der i-taros Software f\u00fcr Verb\u00e4nde, Vereine &amp; Kammern. Einfach, skalierbar &amp; preiswert.\" \/>\n<meta property=\"og:url\" content=\"https:\/\/www.verbandssoftware.online\/en\/\" \/>\n<meta property=\"og:site_name\" content=\"Verbandssoftware\" \/>\n<meta property=\"article:publisher\" content=\"https:\/\/www.facebook.com\/buit.group\" \/>\n<meta property=\"article:modified_time\" content=\"2024-12-18T13:29:26+00:00\" \/>\n<meta name=\"twitter:card\" content=\"summary_large_image\" \/>\n<meta name=\"twitter:site\" content=\"@BuIT_Group\" \/>\n<meta name=\"twitter:label1\" content=\"Estimated reading time\" \/>\n\t<meta name=\"twitter:data1\" content=\"2 minutes\" \/>\n<script type=\"application\/ld+json\" class=\"yoast-schema-graph\">{\"@context\":\"https:\/\/schema.org\",\"@graph\":[{\"@type\":\"WebPage\",\"@id\":\"https:\/\/www.verbandssoftware.online\/\",\"url\":\"https:\/\/www.verbandssoftware.online\/\",\"name\":\"Software f\u00fcr Verb\u00e4nde, Kammern & Vereine\",\"isPartOf\":{\"@id\":\"https:\/\/www.verbandssoftware.online\/#website\"},\"datePublished\":\"2014-08-18T10:25:24+00:00\",\"dateModified\":\"2024-12-18T13:29:26+00:00\",\"description\":\"Digitalisierung war noch nie so einfach mit der i-taros Software f\u00fcr Verb\u00e4nde, Vereine & Kammern. Einfach, skalierbar & preiswert.\",\"breadcrumb\":{\"@id\":\"https:\/\/www.verbandssoftware.online\/#breadcrumb\"},\"inLanguage\":\"en-GB\",\"potentialAction\":[{\"@type\":\"ReadAction\",\"target\":[\"https:\/\/www.verbandssoftware.online\/\"]}]},{\"@type\":\"BreadcrumbList\",\"@id\":\"https:\/\/www.verbandssoftware.online\/#breadcrumb\",\"itemListElement\":[{\"@type\":\"ListItem\",\"position\":1,\"name\":\"Startseite\",\"item\":\"https:\/\/www.verbandssoftware.online\/\"},{\"@type\":\"ListItem\",\"position\":2,\"name\":\"Home\"}]},{\"@type\":\"WebSite\",\"@id\":\"https:\/\/www.verbandssoftware.online\/#website\",\"url\":\"https:\/\/www.verbandssoftware.online\/\",\"name\":\"Verbandssoftware\",\"description\":\"SOFTWARE DIE FREIR\u00c4UME SCHAFFT\",\"publisher\":{\"@id\":\"https:\/\/www.verbandssoftware.online\/#organization\"},\"potentialAction\":[{\"@type\":\"SearchAction\",\"target\":{\"@type\":\"EntryPoint\",\"urlTemplate\":\"https:\/\/www.verbandssoftware.online\/?s={search_term_string}\"},\"query-input\":{\"@type\":\"PropertyValueSpecification\",\"valueRequired\":true,\"valueName\":\"search_term_string\"}}],\"inLanguage\":\"en-GB\"},{\"@type\":\"Organization\",\"@id\":\"https:\/\/www.verbandssoftware.online\/#organization\",\"name\":\"B&IT Group\",\"url\":\"https:\/\/www.verbandssoftware.online\/\",\"logo\":{\"@type\":\"ImageObject\",\"inLanguage\":\"en-GB\",\"@id\":\"https:\/\/www.verbandssoftware.online\/#\/schema\/logo\/image\/\",\"url\":\"https:\/\/www.verbandssoftware.online\/wp-content\/uploads\/2018\/06\/BIT_Group_RGB_final_klein-1.png\",\"contentUrl\":\"https:\/\/www.verbandssoftware.online\/wp-content\/uploads\/2018\/06\/BIT_Group_RGB_final_klein-1.png\",\"width\":1207,\"height\":336,\"caption\":\"B&IT Group\"},\"image\":{\"@id\":\"https:\/\/www.verbandssoftware.online\/#\/schema\/logo\/image\/\"},\"sameAs\":[\"https:\/\/www.facebook.com\/buit.group\",\"https:\/\/x.com\/BuIT_Group\",\"https:\/\/www.linkedin.com\/company\/buit-group\/\"]}]}<\/script>\n<!-- \/ Yoast SEO plugin. -->","yoast_head_json":{"title":"Software f\u00fcr Verb\u00e4nde, Kammern & Vereine","description":"Digitalisierung war noch nie so einfach mit der i-taros Software f\u00fcr Verb\u00e4nde, Vereine & Kammern. Einfach, skalierbar & preiswert.","robots":{"index":"index","follow":"follow","max-snippet":"max-snippet:-1","max-image-preview":"max-image-preview:large","max-video-preview":"max-video-preview:-1"},"canonical":"https:\/\/www.verbandssoftware.online\/en\/","og_locale":"en_GB","og_type":"article","og_title":"Software f\u00fcr Verb\u00e4nde, Kammern & Vereine","og_description":"Digitalisierung war noch nie so einfach mit der i-taros Software f\u00fcr Verb\u00e4nde, Vereine & Kammern. Einfach, skalierbar & preiswert.","og_url":"https:\/\/www.verbandssoftware.online\/en\/","og_site_name":"Verbandssoftware","article_publisher":"https:\/\/www.facebook.com\/buit.group","article_modified_time":"2024-12-18T13:29:26+00:00","twitter_card":"summary_large_image","twitter_site":"@BuIT_Group","twitter_misc":{"Estimated reading time":"2 minutes"},"schema":{"@context":"https:\/\/schema.org","@graph":[{"@type":"WebPage","@id":"https:\/\/www.verbandssoftware.online\/","url":"https:\/\/www.verbandssoftware.online\/","name":"Software f\u00fcr Verb\u00e4nde, Kammern & Vereine","isPartOf":{"@id":"https:\/\/www.verbandssoftware.online\/#website"},"datePublished":"2014-08-18T10:25:24+00:00","dateModified":"2024-12-18T13:29:26+00:00","description":"Digitalisierung war noch nie so einfach mit der i-taros Software f\u00fcr Verb\u00e4nde, Vereine & Kammern. Einfach, skalierbar & preiswert.","breadcrumb":{"@id":"https:\/\/www.verbandssoftware.online\/#breadcrumb"},"inLanguage":"en-GB","potentialAction":[{"@type":"ReadAction","target":["https:\/\/www.verbandssoftware.online\/"]}]},{"@type":"BreadcrumbList","@id":"https:\/\/www.verbandssoftware.online\/#breadcrumb","itemListElement":[{"@type":"ListItem","position":1,"name":"Startseite","item":"https:\/\/www.verbandssoftware.online\/"},{"@type":"ListItem","position":2,"name":"Home"}]},{"@type":"WebSite","@id":"https:\/\/www.verbandssoftware.online\/#website","url":"https:\/\/www.verbandssoftware.online\/","name":"Verbandssoftware","description":"SOFTWARE DIE FREIR\u00c4UME SCHAFFT","publisher":{"@id":"https:\/\/www.verbandssoftware.online\/#organization"},"potentialAction":[{"@type":"SearchAction","target":{"@type":"EntryPoint","urlTemplate":"https:\/\/www.verbandssoftware.online\/?s={search_term_string}"},"query-input":{"@type":"PropertyValueSpecification","valueRequired":true,"valueName":"search_term_string"}}],"inLanguage":"en-GB"},{"@type":"Organization","@id":"https:\/\/www.verbandssoftware.online\/#organization","name":"B&IT Group","url":"https:\/\/www.verbandssoftware.online\/","logo":{"@type":"ImageObject","inLanguage":"en-GB","@id":"https:\/\/www.verbandssoftware.online\/#\/schema\/logo\/image\/","url":"https:\/\/www.verbandssoftware.online\/wp-content\/uploads\/2018\/06\/BIT_Group_RGB_final_klein-1.png","contentUrl":"https:\/\/www.verbandssoftware.online\/wp-content\/uploads\/2018\/06\/BIT_Group_RGB_final_klein-1.png","width":1207,"height":336,"caption":"B&IT Group"},"image":{"@id":"https:\/\/www.verbandssoftware.online\/#\/schema\/logo\/image\/"},"sameAs":["https:\/\/www.facebook.com\/buit.group","https:\/\/x.com\/BuIT_Group","https:\/\/www.linkedin.com\/company\/buit-group\/"]}]}},"_links":{"self":[{"href":"https:\/\/www.verbandssoftware.online\/en\/wp-json\/wp\/v2\/pages\/5","targetHints":{"allow":["GET"]}}],"collection":[{"href":"https:\/\/www.verbandssoftware.online\/en\/wp-json\/wp\/v2\/pages"}],"about":[{"href":"https:\/\/www.verbandssoftware.online\/en\/wp-json\/wp\/v2\/types\/page"}],"author":[{"embeddable":true,"href":"https:\/\/www.verbandssoftware.online\/en\/wp-json\/wp\/v2\/users\/1"}],"replies":[{"embeddable":true,"href":"https:\/\/www.verbandssoftware.online\/en\/wp-json\/wp\/v2\/comments?post=5"}],"version-history":[{"count":3,"href":"https:\/\/www.verbandssoftware.online\/en\/wp-json\/wp\/v2\/pages\/5\/revisions"}],"predecessor-version":[{"id":5161,"href":"https:\/\/www.verbandssoftware.online\/en\/wp-json\/wp\/v2\/pages\/5\/revisions\/5161"}],"wp:attachment":[{"href":"https:\/\/www.verbandssoftware.online\/en\/wp-json\/wp\/v2\/media?parent=5"}],"curies":[{"name":"wp","href":"https:\/\/api.w.org\/{rel}","templated":true}]}}